{"id":1174,"date":"2021-06-29T09:10:31","date_gmt":"2021-06-29T09:10:31","guid":{"rendered":"https:\/\/www.thell.restaurant\/group-events\/"},"modified":"2025-12-30T12:26:59","modified_gmt":"2025-12-30T12:26:59","slug":"group-events","status":"publish","type":"page","link":"https:\/\/www.thell.restaurant\/en\/group-events\/","title":{"rendered":"Group Requests"},"content":{"rendered":"\n<p>Whatever the occasion\u2014birthday, holiday, or office get-together\u2014we\u2019ve got the recipe for a perfect night.<br><\/p>\n\n\n\n<p>Our festive menus and flying buffets keep things simple, stylish, and seriously tasty.<\/p>\n\n\n\n<p><\/p>\n","protected":false},"excerpt":{"rendered":"<p>Whatever the occasion\u2014birthday, holiday, or office get-together\u2014we\u2019ve got the recipe for a perfect night. Our festive menus and flying buffets keep things simple, stylish, and seriously tasty.<\/p>\n","protected":false},"author":1,"featured_media":0,"parent":0,"menu_order":0,"comment_status":"closed","ping_status":"closed","template":"page-templates\/gruppen.php","meta":{"_monsterinsights_skip_tracking":false,"_monsterinsights_sitenote_active":false,"_monsterinsights_sitenote_note":"","_monsterinsights_sitenote_category":0,"footnotes":""},"class_list":["post-1174","page","type-page","status-publish","hentry"],"acf":[],"yoast_head":"<!-- This site is optimized with the Yoast SEO plugin v24.3 - https:\/\/yoast.com\/wordpress\/plugins\/seo\/ -->\n<title>THELL Vienna | Let&#039;s plan your event together!<\/title>\n<meta name=\"description\" content=\"A little Party never killed nobody. Make birthdays, Christmas parties &amp; company events unforgettable at THELL... we&#039;d love to be your host.\" \/>\n<meta name=\"robots\" content=\"index, follow, max-snippet:-1, max-image-preview:large, max-video-preview:-1\" \/>\n<link rel=\"canonical\" href=\"https:\/\/www.thell.restaurant\/en\/group-events\/\" \/>\n<meta property=\"og:locale\" content=\"en_US\" \/>\n<meta property=\"og:type\" content=\"article\" \/>\n<meta property=\"og:title\" content=\"THELL Vienna | Let&#039;s plan your event together!\" \/>\n<meta property=\"og:description\" content=\"A little Party never killed nobody. Make birthdays, Christmas parties &amp; company events unforgettable at THELL... we&#039;d love to be your host.\" \/>\n<meta property=\"og:url\" content=\"https:\/\/www.thell.restaurant\/en\/group-events\/\" \/>\n<meta property=\"og:site_name\" content=\"THELL - Bar &amp; Restaurant in Wien - formerly known as Motto\" \/>\n<meta property=\"article:publisher\" content=\"https:\/\/www.facebook.com\/thellwien\" \/>\n<meta property=\"article:modified_time\" content=\"2025-12-30T12:26:59+00:00\" \/>\n<meta name=\"twitter:card\" content=\"summary_large_image\" \/>\n<meta name=\"twitter:label1\" content=\"Est. reading time\" \/>\n\t<meta name=\"twitter:data1\" content=\"1 minute\" \/>\n<script type=\"application\/ld+json\" class=\"yoast-schema-graph\">{\"@context\":\"https:\/\/schema.org\",\"@graph\":[{\"@type\":\"WebPage\",\"@id\":\"https:\/\/www.thell.restaurant\/en\/group-events\/\",\"url\":\"https:\/\/www.thell.restaurant\/en\/group-events\/\",\"name\":\"THELL Vienna | Let's plan your event together!\",\"isPartOf\":{\"@id\":\"https:\/\/www.thell.restaurant\/en\/#website\"},\"datePublished\":\"2021-06-29T09:10:31+00:00\",\"dateModified\":\"2025-12-30T12:26:59+00:00\",\"description\":\"A little Party never killed nobody. Make birthdays, Christmas parties & company events unforgettable at THELL... we'd love to be your host.\",\"breadcrumb\":{\"@id\":\"https:\/\/www.thell.restaurant\/en\/group-events\/#breadcrumb\"},\"inLanguage\":\"en-US\",\"potentialAction\":[{\"@type\":\"ReadAction\",\"target\":[\"https:\/\/www.thell.restaurant\/en\/group-events\/\"]}]},{\"@type\":\"BreadcrumbList\",\"@id\":\"https:\/\/www.thell.restaurant\/en\/group-events\/#breadcrumb\",\"itemListElement\":[{\"@type\":\"ListItem\",\"position\":1,\"name\":\"Startseite\",\"item\":\"https:\/\/www.thell.restaurant\/en\/\"},{\"@type\":\"ListItem\",\"position\":2,\"name\":\"Group Requests\"}]},{\"@type\":\"WebSite\",\"@id\":\"https:\/\/www.thell.restaurant\/en\/#website\",\"url\":\"https:\/\/www.thell.restaurant\/en\/\",\"name\":\"THELL - Bar & Restaurant in Wien - formerly known as Motto\",\"description\":\"Jede Stadt hat ihr Zentrum, ihr Herz, ihr Lokal, in das die Str\u00f6me der Zeit einm\u00fcnden, eins werden, um sich dann wieder zu trennen und hinaus zu flie\u00dfen in die Welt.\",\"publisher\":{\"@id\":\"https:\/\/www.thell.restaurant\/en\/#organization\"},\"alternateName\":\"THELL - Bar & Restaurant in Wien\",\"potentialAction\":[{\"@type\":\"SearchAction\",\"target\":{\"@type\":\"EntryPoint\",\"urlTemplate\":\"https:\/\/www.thell.restaurant\/en\/?s={search_term_string}\"},\"query-input\":{\"@type\":\"PropertyValueSpecification\",\"valueRequired\":true,\"valueName\":\"search_term_string\"}}],\"inLanguage\":\"en-US\"},{\"@type\":\"Organization\",\"@id\":\"https:\/\/www.thell.restaurant\/en\/#organization\",\"name\":\"THELL Wien\",\"alternateName\":\"THELL\",\"url\":\"https:\/\/www.thell.restaurant\/en\/\",\"logo\":{\"@type\":\"ImageObject\",\"inLanguage\":\"en-US\",\"@id\":\"https:\/\/www.thell.restaurant\/en\/#\/schema\/logo\/image\/\",\"url\":\"https:\/\/www.thell.restaurant\/wp-content\/uploads\/2023\/01\/thell_logo_black.jpg\",\"contentUrl\":\"https:\/\/www.thell.restaurant\/wp-content\/uploads\/2023\/01\/thell_logo_black.jpg\",\"width\":1000,\"height\":762,\"caption\":\"THELL Wien\"},\"image\":{\"@id\":\"https:\/\/www.thell.restaurant\/en\/#\/schema\/logo\/image\/\"},\"sameAs\":[\"https:\/\/www.facebook.com\/thellwien\",\"https:\/\/www.instagram.com\/thellwien\/\"]}]}<\/script>\n<!-- \/ Yoast SEO plugin. -->","yoast_head_json":{"title":"THELL Vienna | Let's plan your event together!","description":"A little Party never killed nobody. Make birthdays, Christmas parties & company events unforgettable at THELL... we'd love to be your host.","robots":{"index":"index","follow":"follow","max-snippet":"max-snippet:-1","max-image-preview":"max-image-preview:large","max-video-preview":"max-video-preview:-1"},"canonical":"https:\/\/www.thell.restaurant\/en\/group-events\/","og_locale":"en_US","og_type":"article","og_title":"THELL Vienna | Let's plan your event together!","og_description":"A little Party never killed nobody. Make birthdays, Christmas parties & company events unforgettable at THELL... we'd love to be your host.","og_url":"https:\/\/www.thell.restaurant\/en\/group-events\/","og_site_name":"THELL - Bar &amp; Restaurant in Wien - formerly known as Motto","article_publisher":"https:\/\/www.facebook.com\/thellwien","article_modified_time":"2025-12-30T12:26:59+00:00","twitter_card":"summary_large_image","twitter_misc":{"Est. reading time":"1 minute"},"schema":{"@context":"https:\/\/schema.org","@graph":[{"@type":"WebPage","@id":"https:\/\/www.thell.restaurant\/en\/group-events\/","url":"https:\/\/www.thell.restaurant\/en\/group-events\/","name":"THELL Vienna | Let's plan your event together!","isPartOf":{"@id":"https:\/\/www.thell.restaurant\/en\/#website"},"datePublished":"2021-06-29T09:10:31+00:00","dateModified":"2025-12-30T12:26:59+00:00","description":"A little Party never killed nobody. Make birthdays, Christmas parties & company events unforgettable at THELL... we'd love to be your host.","breadcrumb":{"@id":"https:\/\/www.thell.restaurant\/en\/group-events\/#breadcrumb"},"inLanguage":"en-US","potentialAction":[{"@type":"ReadAction","target":["https:\/\/www.thell.restaurant\/en\/group-events\/"]}]},{"@type":"BreadcrumbList","@id":"https:\/\/www.thell.restaurant\/en\/group-events\/#breadcrumb","itemListElement":[{"@type":"ListItem","position":1,"name":"Startseite","item":"https:\/\/www.thell.restaurant\/en\/"},{"@type":"ListItem","position":2,"name":"Group Requests"}]},{"@type":"WebSite","@id":"https:\/\/www.thell.restaurant\/en\/#website","url":"https:\/\/www.thell.restaurant\/en\/","name":"THELL - Bar & Restaurant in Wien - formerly known as Motto","description":"Jede Stadt hat ihr Zentrum, ihr Herz, ihr Lokal, in das die Str\u00f6me der Zeit einm\u00fcnden, eins werden, um sich dann wieder zu trennen und hinaus zu flie\u00dfen in die Welt.","publisher":{"@id":"https:\/\/www.thell.restaurant\/en\/#organization"},"alternateName":"THELL - Bar & Restaurant in Wien","potentialAction":[{"@type":"SearchAction","target":{"@type":"EntryPoint","urlTemplate":"https:\/\/www.thell.restaurant\/en\/?s={search_term_string}"},"query-input":{"@type":"PropertyValueSpecification","valueRequired":true,"valueName":"search_term_string"}}],"inLanguage":"en-US"},{"@type":"Organization","@id":"https:\/\/www.thell.restaurant\/en\/#organization","name":"THELL Wien","alternateName":"THELL","url":"https:\/\/www.thell.restaurant\/en\/","logo":{"@type":"ImageObject","inLanguage":"en-US","@id":"https:\/\/www.thell.restaurant\/en\/#\/schema\/logo\/image\/","url":"https:\/\/www.thell.restaurant\/wp-content\/uploads\/2023\/01\/thell_logo_black.jpg","contentUrl":"https:\/\/www.thell.restaurant\/wp-content\/uploads\/2023\/01\/thell_logo_black.jpg","width":1000,"height":762,"caption":"THELL Wien"},"image":{"@id":"https:\/\/www.thell.restaurant\/en\/#\/schema\/logo\/image\/"},"sameAs":["https:\/\/www.facebook.com\/thellwien","https:\/\/www.instagram.com\/thellwien\/"]}]}},"_links":{"self":[{"href":"https:\/\/www.thell.restaurant\/en\/wp-json\/wp\/v2\/pages\/1174","targetHints":{"allow":["GET"]}}],"collection":[{"href":"https:\/\/www.thell.restaurant\/en\/wp-json\/wp\/v2\/pages"}],"about":[{"href":"https:\/\/www.thell.restaurant\/en\/wp-json\/wp\/v2\/types\/page"}],"author":[{"embeddable":true,"href":"https:\/\/www.thell.restaurant\/en\/wp-json\/wp\/v2\/users\/1"}],"replies":[{"embeddable":true,"href":"https:\/\/www.thell.restaurant\/en\/wp-json\/wp\/v2\/comments?post=1174"}],"version-history":[{"count":49,"href":"https:\/\/www.thell.restaurant\/en\/wp-json\/wp\/v2\/pages\/1174\/revisions"}],"predecessor-version":[{"id":7177,"href":"https:\/\/www.thell.restaurant\/en\/wp-json\/wp\/v2\/pages\/1174\/revisions\/7177"}],"wp:attachment":[{"href":"https:\/\/www.thell.restaurant\/en\/wp-json\/wp\/v2\/media?parent=1174"}],"curies":[{"name":"wp","href":"https:\/\/api.w.org\/{rel}","templated":true}]}}