{"id":1178,"date":"2021-06-29T09:24:32","date_gmt":"2021-06-29T09:24:32","guid":{"rendered":"https:\/\/www.thell.restaurant\/vouchers\/"},"modified":"2025-10-09T21:40:04","modified_gmt":"2025-10-09T21:40:04","slug":"vouchers","status":"publish","type":"page","link":"https:\/\/www.thell.restaurant\/en\/vouchers\/","title":{"rendered":"Gift Vouchers"},"content":{"rendered":"\n<br>\n<!-- START VOUCHER WIDGET -->\n<iframe style=\"position:realitve; width:100%; border:none; min-height: 680px\" id=\"res-widget\" no-resize-detection=\"\" data-src=\"https:\/\/reservation.thell.restaurant\/enwidget\/gutschein.php\" class=\"lazyload\" src=\"data:image\/gif;base64,R0lGODlhAQABAAAAACH5BAEKAAEALAAAAAABAAEAAAICTAEAOw==\"><\/iframe>\n<script type=\"text\/javascript\">var eventMethod = window.addEventListener ? \"addEventListener\" : \"attachEvent\"; var eventer = window[eventMethod]; var messageEvent = eventMethod === \"attachEvent\" ? \"onmessage\" : \"message\"; eventer(messageEvent, function (e) { document.getElementById('res-widget').height = e.data; }); <\/script>\n<!-- END VOUCHER WIDGET -->\n","protected":false},"excerpt":{"rendered":"","protected":false},"author":1,"featured_media":0,"parent":0,"menu_order":0,"comment_status":"closed","ping_status":"closed","template":"page-templates\/gutschein.php","meta":{"_monsterinsights_skip_tracking":false,"_monsterinsights_sitenote_active":false,"_monsterinsights_sitenote_note":"","_monsterinsights_sitenote_category":0,"footnotes":""},"class_list":["post-1178","page","type-page","status-publish","hentry"],"acf":[],"yoast_head":"<!-- This site is optimized with the Yoast SEO plugin v24.3 - https:\/\/yoast.com\/wordpress\/plugins\/seo\/ -->\n<title>THELL Wien | Gift Vouchers | Restaurant &amp; Bar<\/title>\n<meta name=\"description\" content=\"Treat someone special with a gift voucher to THELL! Perfect for any occasion. Buy your voucher online today!\" \/>\n<meta name=\"robots\" content=\"index, follow, max-snippet:-1, max-image-preview:large, max-video-preview:-1\" \/>\n<link rel=\"canonical\" href=\"https:\/\/www.thell.restaurant\/en\/vouchers\/\" \/>\n<meta property=\"og:locale\" content=\"en_US\" \/>\n<meta property=\"og:type\" content=\"article\" \/>\n<meta property=\"og:title\" content=\"THELL Wien | Gift Vouchers | Restaurant &amp; Bar\" \/>\n<meta property=\"og:description\" content=\"Treat someone special with a gift voucher to THELL! Perfect for any occasion. Buy your voucher online today!\" \/>\n<meta property=\"og:url\" content=\"https:\/\/www.thell.restaurant\/en\/vouchers\/\" \/>\n<meta property=\"og:site_name\" content=\"THELL - Bar &amp; Restaurant in Wien - formerly known as Motto\" \/>\n<meta property=\"article:publisher\" content=\"https:\/\/www.facebook.com\/thellwien\" \/>\n<meta property=\"article:modified_time\" content=\"2025-10-09T21:40:04+00:00\" \/>\n<meta name=\"twitter:card\" content=\"summary_large_image\" \/>\n<script type=\"application\/ld+json\" class=\"yoast-schema-graph\">{\"@context\":\"https:\/\/schema.org\",\"@graph\":[{\"@type\":\"WebPage\",\"@id\":\"https:\/\/www.thell.restaurant\/en\/vouchers\/\",\"url\":\"https:\/\/www.thell.restaurant\/en\/vouchers\/\",\"name\":\"THELL Wien | Gift Vouchers | Restaurant & Bar\",\"isPartOf\":{\"@id\":\"https:\/\/www.thell.restaurant\/en\/#website\"},\"datePublished\":\"2021-06-29T09:24:32+00:00\",\"dateModified\":\"2025-10-09T21:40:04+00:00\",\"description\":\"Treat someone special with a gift voucher to THELL! Perfect for any occasion. Buy your voucher online today!\",\"breadcrumb\":{\"@id\":\"https:\/\/www.thell.restaurant\/en\/vouchers\/#breadcrumb\"},\"inLanguage\":\"en-US\",\"potentialAction\":[{\"@type\":\"ReadAction\",\"target\":[\"https:\/\/www.thell.restaurant\/en\/vouchers\/\"]}]},{\"@type\":\"BreadcrumbList\",\"@id\":\"https:\/\/www.thell.restaurant\/en\/vouchers\/#breadcrumb\",\"itemListElement\":[{\"@type\":\"ListItem\",\"position\":1,\"name\":\"Startseite\",\"item\":\"https:\/\/www.thell.restaurant\/en\/\"},{\"@type\":\"ListItem\",\"position\":2,\"name\":\"Gift Vouchers\"}]},{\"@type\":\"WebSite\",\"@id\":\"https:\/\/www.thell.restaurant\/en\/#website\",\"url\":\"https:\/\/www.thell.restaurant\/en\/\",\"name\":\"THELL - Bar & Restaurant in Wien - formerly known as Motto\",\"description\":\"Jede Stadt hat ihr Zentrum, ihr Herz, ihr Lokal, in das die Str\u00f6me der Zeit einm\u00fcnden, eins werden, um sich dann wieder zu trennen und hinaus zu flie\u00dfen in die Welt.\",\"publisher\":{\"@id\":\"https:\/\/www.thell.restaurant\/en\/#organization\"},\"alternateName\":\"THELL - Bar & Restaurant in Wien\",\"potentialAction\":[{\"@type\":\"SearchAction\",\"target\":{\"@type\":\"EntryPoint\",\"urlTemplate\":\"https:\/\/www.thell.restaurant\/en\/?s={search_term_string}\"},\"query-input\":{\"@type\":\"PropertyValueSpecification\",\"valueRequired\":true,\"valueName\":\"search_term_string\"}}],\"inLanguage\":\"en-US\"},{\"@type\":\"Organization\",\"@id\":\"https:\/\/www.thell.restaurant\/en\/#organization\",\"name\":\"THELL Wien\",\"alternateName\":\"THELL\",\"url\":\"https:\/\/www.thell.restaurant\/en\/\",\"logo\":{\"@type\":\"ImageObject\",\"inLanguage\":\"en-US\",\"@id\":\"https:\/\/www.thell.restaurant\/en\/#\/schema\/logo\/image\/\",\"url\":\"https:\/\/www.thell.restaurant\/wp-content\/uploads\/2023\/01\/thell_logo_black.jpg\",\"contentUrl\":\"https:\/\/www.thell.restaurant\/wp-content\/uploads\/2023\/01\/thell_logo_black.jpg\",\"width\":1000,\"height\":762,\"caption\":\"THELL Wien\"},\"image\":{\"@id\":\"https:\/\/www.thell.restaurant\/en\/#\/schema\/logo\/image\/\"},\"sameAs\":[\"https:\/\/www.facebook.com\/thellwien\",\"https:\/\/www.instagram.com\/thellwien\/\"]}]}<\/script>\n<!-- \/ Yoast SEO plugin. -->","yoast_head_json":{"title":"THELL Wien | Gift Vouchers | Restaurant & Bar","description":"Treat someone special with a gift voucher to THELL! Perfect for any occasion. Buy your voucher online today!","robots":{"index":"index","follow":"follow","max-snippet":"max-snippet:-1","max-image-preview":"max-image-preview:large","max-video-preview":"max-video-preview:-1"},"canonical":"https:\/\/www.thell.restaurant\/en\/vouchers\/","og_locale":"en_US","og_type":"article","og_title":"THELL Wien | Gift Vouchers | Restaurant & Bar","og_description":"Treat someone special with a gift voucher to THELL! Perfect for any occasion. Buy your voucher online today!","og_url":"https:\/\/www.thell.restaurant\/en\/vouchers\/","og_site_name":"THELL - Bar &amp; Restaurant in Wien - formerly known as Motto","article_publisher":"https:\/\/www.facebook.com\/thellwien","article_modified_time":"2025-10-09T21:40:04+00:00","twitter_card":"summary_large_image","schema":{"@context":"https:\/\/schema.org","@graph":[{"@type":"WebPage","@id":"https:\/\/www.thell.restaurant\/en\/vouchers\/","url":"https:\/\/www.thell.restaurant\/en\/vouchers\/","name":"THELL Wien | Gift Vouchers | Restaurant & Bar","isPartOf":{"@id":"https:\/\/www.thell.restaurant\/en\/#website"},"datePublished":"2021-06-29T09:24:32+00:00","dateModified":"2025-10-09T21:40:04+00:00","description":"Treat someone special with a gift voucher to THELL! Perfect for any occasion. Buy your voucher online today!","breadcrumb":{"@id":"https:\/\/www.thell.restaurant\/en\/vouchers\/#breadcrumb"},"inLanguage":"en-US","potentialAction":[{"@type":"ReadAction","target":["https:\/\/www.thell.restaurant\/en\/vouchers\/"]}]},{"@type":"BreadcrumbList","@id":"https:\/\/www.thell.restaurant\/en\/vouchers\/#breadcrumb","itemListElement":[{"@type":"ListItem","position":1,"name":"Startseite","item":"https:\/\/www.thell.restaurant\/en\/"},{"@type":"ListItem","position":2,"name":"Gift Vouchers"}]},{"@type":"WebSite","@id":"https:\/\/www.thell.restaurant\/en\/#website","url":"https:\/\/www.thell.restaurant\/en\/","name":"THELL - Bar & Restaurant in Wien - formerly known as Motto","description":"Jede Stadt hat ihr Zentrum, ihr Herz, ihr Lokal, in das die Str\u00f6me der Zeit einm\u00fcnden, eins werden, um sich dann wieder zu trennen und hinaus zu flie\u00dfen in die Welt.","publisher":{"@id":"https:\/\/www.thell.restaurant\/en\/#organization"},"alternateName":"THELL - Bar & Restaurant in Wien","potentialAction":[{"@type":"SearchAction","target":{"@type":"EntryPoint","urlTemplate":"https:\/\/www.thell.restaurant\/en\/?s={search_term_string}"},"query-input":{"@type":"PropertyValueSpecification","valueRequired":true,"valueName":"search_term_string"}}],"inLanguage":"en-US"},{"@type":"Organization","@id":"https:\/\/www.thell.restaurant\/en\/#organization","name":"THELL Wien","alternateName":"THELL","url":"https:\/\/www.thell.restaurant\/en\/","logo":{"@type":"ImageObject","inLanguage":"en-US","@id":"https:\/\/www.thell.restaurant\/en\/#\/schema\/logo\/image\/","url":"https:\/\/www.thell.restaurant\/wp-content\/uploads\/2023\/01\/thell_logo_black.jpg","contentUrl":"https:\/\/www.thell.restaurant\/wp-content\/uploads\/2023\/01\/thell_logo_black.jpg","width":1000,"height":762,"caption":"THELL Wien"},"image":{"@id":"https:\/\/www.thell.restaurant\/en\/#\/schema\/logo\/image\/"},"sameAs":["https:\/\/www.facebook.com\/thellwien","https:\/\/www.instagram.com\/thellwien\/"]}]}},"_links":{"self":[{"href":"https:\/\/www.thell.restaurant\/en\/wp-json\/wp\/v2\/pages\/1178","targetHints":{"allow":["GET"]}}],"collection":[{"href":"https:\/\/www.thell.restaurant\/en\/wp-json\/wp\/v2\/pages"}],"about":[{"href":"https:\/\/www.thell.restaurant\/en\/wp-json\/wp\/v2\/types\/page"}],"author":[{"embeddable":true,"href":"https:\/\/www.thell.restaurant\/en\/wp-json\/wp\/v2\/users\/1"}],"replies":[{"embeddable":true,"href":"https:\/\/www.thell.restaurant\/en\/wp-json\/wp\/v2\/comments?post=1178"}],"version-history":[{"count":3,"href":"https:\/\/www.thell.restaurant\/en\/wp-json\/wp\/v2\/pages\/1178\/revisions"}],"predecessor-version":[{"id":6419,"href":"https:\/\/www.thell.restaurant\/en\/wp-json\/wp\/v2\/pages\/1178\/revisions\/6419"}],"wp:attachment":[{"href":"https:\/\/www.thell.restaurant\/en\/wp-json\/wp\/v2\/media?parent=1178"}],"curies":[{"name":"wp","href":"https:\/\/api.w.org\/{rel}","templated":true}]}}