{"id":1182,"date":"2021-06-29T09:30:02","date_gmt":"2021-06-29T09:30:02","guid":{"rendered":"https:\/\/www.thell.restaurant\/contact\/"},"modified":"2024-10-21T16:39:30","modified_gmt":"2024-10-21T16:39:30","slug":"contact","status":"publish","type":"page","link":"https:\/\/www.thell.restaurant\/en\/contact\/","title":{"rendered":"Contact"},"content":{"rendered":"\n<p>For more informations about the location, reservation &amp; event options<\/p>\n","protected":false},"excerpt":{"rendered":"<p>For more informations about the location, reservation &amp; event options<\/p>\n","protected":false},"author":1,"featured_media":0,"parent":0,"menu_order":0,"comment_status":"closed","ping_status":"closed","template":"page-templates\/kontakt.php","meta":{"_monsterinsights_skip_tracking":false,"_monsterinsights_sitenote_active":false,"_monsterinsights_sitenote_note":"","_monsterinsights_sitenote_category":0,"footnotes":""},"class_list":["post-1182","page","type-page","status-publish","hentry"],"acf":[],"yoast_head":"<!-- This site is optimized with the Yoast SEO plugin v24.3 - https:\/\/yoast.com\/wordpress\/plugins\/seo\/ -->\n<title>Contact - THELL - Bar &amp; Restaurant in Wien - formerly known as Motto<\/title>\n<meta name=\"robots\" content=\"index, follow, max-snippet:-1, max-image-preview:large, max-video-preview:-1\" \/>\n<link rel=\"canonical\" href=\"https:\/\/www.thell.restaurant\/en\/contact\/\" \/>\n<meta property=\"og:locale\" content=\"en_US\" \/>\n<meta property=\"og:type\" content=\"article\" \/>\n<meta property=\"og:title\" content=\"Contact - THELL - Bar &amp; Restaurant in Wien - formerly known as Motto\" \/>\n<meta property=\"og:description\" content=\"For more informations about the location, reservation &amp; event options\" \/>\n<meta property=\"og:url\" content=\"https:\/\/www.thell.restaurant\/en\/contact\/\" \/>\n<meta property=\"og:site_name\" content=\"THELL - Bar &amp; Restaurant in Wien - formerly known as Motto\" \/>\n<meta property=\"article:publisher\" content=\"https:\/\/www.facebook.com\/thellwien\" \/>\n<meta property=\"article:modified_time\" content=\"2024-10-21T16:39:30+00:00\" \/>\n<meta name=\"twitter:card\" content=\"summary_large_image\" \/>\n<meta name=\"twitter:label1\" content=\"Est. reading time\" \/>\n\t<meta name=\"twitter:data1\" content=\"1 minute\" \/>\n<script type=\"application\/ld+json\" class=\"yoast-schema-graph\">{\"@context\":\"https:\/\/schema.org\",\"@graph\":[{\"@type\":\"WebPage\",\"@id\":\"https:\/\/www.thell.restaurant\/en\/contact\/\",\"url\":\"https:\/\/www.thell.restaurant\/en\/contact\/\",\"name\":\"Contact - THELL - Bar &amp; Restaurant in Wien - formerly known as Motto\",\"isPartOf\":{\"@id\":\"https:\/\/www.thell.restaurant\/en\/#website\"},\"datePublished\":\"2021-06-29T09:30:02+00:00\",\"dateModified\":\"2024-10-21T16:39:30+00:00\",\"breadcrumb\":{\"@id\":\"https:\/\/www.thell.restaurant\/en\/contact\/#breadcrumb\"},\"inLanguage\":\"en-US\",\"potentialAction\":[{\"@type\":\"ReadAction\",\"target\":[\"https:\/\/www.thell.restaurant\/en\/contact\/\"]}]},{\"@type\":\"BreadcrumbList\",\"@id\":\"https:\/\/www.thell.restaurant\/en\/contact\/#breadcrumb\",\"itemListElement\":[{\"@type\":\"ListItem\",\"position\":1,\"name\":\"Startseite\",\"item\":\"https:\/\/www.thell.restaurant\/en\/\"},{\"@type\":\"ListItem\",\"position\":2,\"name\":\"Contact\"}]},{\"@type\":\"WebSite\",\"@id\":\"https:\/\/www.thell.restaurant\/en\/#website\",\"url\":\"https:\/\/www.thell.restaurant\/en\/\",\"name\":\"THELL - Bar & Restaurant in Wien - formerly known as Motto\",\"description\":\"Jede Stadt hat ihr Zentrum, ihr Herz, ihr Lokal, in das die Str\u00f6me der Zeit einm\u00fcnden, eins werden, um sich dann wieder zu trennen und hinaus zu flie\u00dfen in die Welt.\",\"publisher\":{\"@id\":\"https:\/\/www.thell.restaurant\/en\/#organization\"},\"alternateName\":\"THELL - Bar & Restaurant in Wien\",\"potentialAction\":[{\"@type\":\"SearchAction\",\"target\":{\"@type\":\"EntryPoint\",\"urlTemplate\":\"https:\/\/www.thell.restaurant\/en\/?s={search_term_string}\"},\"query-input\":{\"@type\":\"PropertyValueSpecification\",\"valueRequired\":true,\"valueName\":\"search_term_string\"}}],\"inLanguage\":\"en-US\"},{\"@type\":\"Organization\",\"@id\":\"https:\/\/www.thell.restaurant\/en\/#organization\",\"name\":\"THELL Wien\",\"alternateName\":\"THELL\",\"url\":\"https:\/\/www.thell.restaurant\/en\/\",\"logo\":{\"@type\":\"ImageObject\",\"inLanguage\":\"en-US\",\"@id\":\"https:\/\/www.thell.restaurant\/en\/#\/schema\/logo\/image\/\",\"url\":\"https:\/\/www.thell.restaurant\/wp-content\/uploads\/2023\/01\/thell_logo_black.jpg\",\"contentUrl\":\"https:\/\/www.thell.restaurant\/wp-content\/uploads\/2023\/01\/thell_logo_black.jpg\",\"width\":1000,\"height\":762,\"caption\":\"THELL Wien\"},\"image\":{\"@id\":\"https:\/\/www.thell.restaurant\/en\/#\/schema\/logo\/image\/\"},\"sameAs\":[\"https:\/\/www.facebook.com\/thellwien\",\"https:\/\/www.instagram.com\/thellwien\/\"]}]}<\/script>\n<!-- \/ Yoast SEO plugin. -->","yoast_head_json":{"title":"Contact - THELL - Bar &amp; Restaurant in Wien - formerly known as Motto","robots":{"index":"index","follow":"follow","max-snippet":"max-snippet:-1","max-image-preview":"max-image-preview:large","max-video-preview":"max-video-preview:-1"},"canonical":"https:\/\/www.thell.restaurant\/en\/contact\/","og_locale":"en_US","og_type":"article","og_title":"Contact - THELL - Bar &amp; Restaurant in Wien - formerly known as Motto","og_description":"For more informations about the location, reservation &amp; event options","og_url":"https:\/\/www.thell.restaurant\/en\/contact\/","og_site_name":"THELL - Bar &amp; Restaurant in Wien - formerly known as Motto","article_publisher":"https:\/\/www.facebook.com\/thellwien","article_modified_time":"2024-10-21T16:39:30+00:00","twitter_card":"summary_large_image","twitter_misc":{"Est. reading time":"1 minute"},"schema":{"@context":"https:\/\/schema.org","@graph":[{"@type":"WebPage","@id":"https:\/\/www.thell.restaurant\/en\/contact\/","url":"https:\/\/www.thell.restaurant\/en\/contact\/","name":"Contact - THELL - Bar &amp; Restaurant in Wien - formerly known as Motto","isPartOf":{"@id":"https:\/\/www.thell.restaurant\/en\/#website"},"datePublished":"2021-06-29T09:30:02+00:00","dateModified":"2024-10-21T16:39:30+00:00","breadcrumb":{"@id":"https:\/\/www.thell.restaurant\/en\/contact\/#breadcrumb"},"inLanguage":"en-US","potentialAction":[{"@type":"ReadAction","target":["https:\/\/www.thell.restaurant\/en\/contact\/"]}]},{"@type":"BreadcrumbList","@id":"https:\/\/www.thell.restaurant\/en\/contact\/#breadcrumb","itemListElement":[{"@type":"ListItem","position":1,"name":"Startseite","item":"https:\/\/www.thell.restaurant\/en\/"},{"@type":"ListItem","position":2,"name":"Contact"}]},{"@type":"WebSite","@id":"https:\/\/www.thell.restaurant\/en\/#website","url":"https:\/\/www.thell.restaurant\/en\/","name":"THELL - Bar & Restaurant in Wien - formerly known as Motto","description":"Jede Stadt hat ihr Zentrum, ihr Herz, ihr Lokal, in das die Str\u00f6me der Zeit einm\u00fcnden, eins werden, um sich dann wieder zu trennen und hinaus zu flie\u00dfen in die Welt.","publisher":{"@id":"https:\/\/www.thell.restaurant\/en\/#organization"},"alternateName":"THELL - Bar & Restaurant in Wien","potentialAction":[{"@type":"SearchAction","target":{"@type":"EntryPoint","urlTemplate":"https:\/\/www.thell.restaurant\/en\/?s={search_term_string}"},"query-input":{"@type":"PropertyValueSpecification","valueRequired":true,"valueName":"search_term_string"}}],"inLanguage":"en-US"},{"@type":"Organization","@id":"https:\/\/www.thell.restaurant\/en\/#organization","name":"THELL Wien","alternateName":"THELL","url":"https:\/\/www.thell.restaurant\/en\/","logo":{"@type":"ImageObject","inLanguage":"en-US","@id":"https:\/\/www.thell.restaurant\/en\/#\/schema\/logo\/image\/","url":"https:\/\/www.thell.restaurant\/wp-content\/uploads\/2023\/01\/thell_logo_black.jpg","contentUrl":"https:\/\/www.thell.restaurant\/wp-content\/uploads\/2023\/01\/thell_logo_black.jpg","width":1000,"height":762,"caption":"THELL Wien"},"image":{"@id":"https:\/\/www.thell.restaurant\/en\/#\/schema\/logo\/image\/"},"sameAs":["https:\/\/www.facebook.com\/thellwien","https:\/\/www.instagram.com\/thellwien\/"]}]}},"_links":{"self":[{"href":"https:\/\/www.thell.restaurant\/en\/wp-json\/wp\/v2\/pages\/1182","targetHints":{"allow":["GET"]}}],"collection":[{"href":"https:\/\/www.thell.restaurant\/en\/wp-json\/wp\/v2\/pages"}],"about":[{"href":"https:\/\/www.thell.restaurant\/en\/wp-json\/wp\/v2\/types\/page"}],"author":[{"embeddable":true,"href":"https:\/\/www.thell.restaurant\/en\/wp-json\/wp\/v2\/users\/1"}],"replies":[{"embeddable":true,"href":"https:\/\/www.thell.restaurant\/en\/wp-json\/wp\/v2\/comments?post=1182"}],"version-history":[{"count":1,"href":"https:\/\/www.thell.restaurant\/en\/wp-json\/wp\/v2\/pages\/1182\/revisions"}],"predecessor-version":[{"id":3768,"href":"https:\/\/www.thell.restaurant\/en\/wp-json\/wp\/v2\/pages\/1182\/revisions\/3768"}],"wp:attachment":[{"href":"https:\/\/www.thell.restaurant\/en\/wp-json\/wp\/v2\/media?parent=1182"}],"curies":[{"name":"wp","href":"https:\/\/api.w.org\/{rel}","templated":true}]}}