{"id":1185,"date":"2021-06-29T09:42:05","date_gmt":"2021-06-29T09:42:05","guid":{"rendered":"https:\/\/www.thell.restaurant\/reserve\/"},"modified":"2025-10-11T18:42:27","modified_gmt":"2025-10-11T18:42:27","slug":"booking","status":"publish","type":"page","link":"https:\/\/www.thell.restaurant\/en\/booking\/","title":{"rendered":"THELL"},"content":{"rendered":"\n<p><strong>We&#8217;ll always find a cozy spot for you.<\/strong><\/p>\n\n\n\n<p>Online reservations are possible anytime\u2014round the clock and super convenient!<\/p>\n\n\n\n<p>All information about Christmas parties, conditions, menus &amp; location<\/p>\n\n\n\n<div class=\"wp-block-buttons is-content-justification-center is-layout-flex wp-container-core-buttons-is-layout-16018d1d wp-block-buttons-is-layout-flex\">\n<div class=\"wp-block-button is-style-outline is-style-outline--1\"><a class=\"wp-block-button__link wp-element-button\" href=\"https:\/\/www.thell.restaurant\/en\/group-events\/\">Group Request<\/a><\/div>\n<\/div>\n\n\n\n<p><\/p>\n\n\n\n<p>For more information, you can reach out to <a href=\"mailto:hallo@thell.restaurant\">hallo@thell.restaurant<\/a><\/p>\n\n\n\n<p>We look forward to seeing you!<\/p>\n","protected":false},"excerpt":{"rendered":"<p>We&#8217;ll always find a cozy spot for you. Online reservations are possible anytime\u2014round the clock and super convenient! All information about Christmas parties, conditions, menus &amp; location For more information, you can reach out to hallo@thell.restaurant We look forward to seeing you!<\/p>\n","protected":false},"author":1,"featured_media":0,"parent":0,"menu_order":0,"comment_status":"closed","ping_status":"closed","template":"page-templates\/reservieren.php","meta":{"_monsterinsights_skip_tracking":false,"_monsterinsights_sitenote_active":false,"_monsterinsights_sitenote_note":"","_monsterinsights_sitenote_category":0,"footnotes":""},"class_list":["post-1185","page","type-page","status-publish","hentry"],"acf":[],"yoast_head":"<!-- This site is optimized with the Yoast SEO plugin v24.3 - https:\/\/yoast.com\/wordpress\/plugins\/seo\/ -->\n<title>Book a table at THELL Restaurant &amp; Bar - Dinner, Drinks &amp; Party<\/title>\n<meta name=\"description\" content=\"We&#039;ll always find a cozy spot for you. Online reservations possible round the clock &amp; super convenient. Kitchen open daily from 5 pm to 1 am\" \/>\n<meta name=\"robots\" content=\"index, follow, max-snippet:-1, max-image-preview:large, max-video-preview:-1\" \/>\n<link rel=\"canonical\" href=\"https:\/\/www.thell.restaurant\/en\/booking\/\" \/>\n<meta property=\"og:locale\" content=\"en_US\" \/>\n<meta property=\"og:type\" content=\"article\" \/>\n<meta property=\"og:title\" content=\"Book a table at THELL Restaurant &amp; Bar - Dinner, Drinks &amp; Party\" \/>\n<meta property=\"og:description\" content=\"We&#039;ll always find a cozy spot for you. Online reservations possible round the clock &amp; super convenient. Kitchen open daily from 5 pm to 1 am\" \/>\n<meta property=\"og:url\" content=\"https:\/\/www.thell.restaurant\/en\/booking\/\" \/>\n<meta property=\"og:site_name\" content=\"THELL - Bar &amp; Restaurant in Wien - formerly known as Motto\" \/>\n<meta property=\"article:publisher\" content=\"https:\/\/www.facebook.com\/thellwien\" \/>\n<meta property=\"article:modified_time\" content=\"2025-10-11T18:42:27+00:00\" \/>\n<meta name=\"twitter:card\" content=\"summary_large_image\" \/>\n<meta name=\"twitter:label1\" content=\"Est. reading time\" \/>\n\t<meta name=\"twitter:data1\" content=\"1 minute\" \/>\n<script type=\"application\/ld+json\" class=\"yoast-schema-graph\">{\"@context\":\"https:\/\/schema.org\",\"@graph\":[{\"@type\":\"WebPage\",\"@id\":\"https:\/\/www.thell.restaurant\/en\/booking\/\",\"url\":\"https:\/\/www.thell.restaurant\/en\/booking\/\",\"name\":\"Book a table at THELL Restaurant & Bar - Dinner, Drinks & Party\",\"isPartOf\":{\"@id\":\"https:\/\/www.thell.restaurant\/en\/#website\"},\"datePublished\":\"2021-06-29T09:42:05+00:00\",\"dateModified\":\"2025-10-11T18:42:27+00:00\",\"description\":\"We'll always find a cozy spot for you. Online reservations possible round the clock & super convenient. Kitchen open daily from 5 pm to 1 am\",\"breadcrumb\":{\"@id\":\"https:\/\/www.thell.restaurant\/en\/booking\/#breadcrumb\"},\"inLanguage\":\"en-US\",\"potentialAction\":[{\"@type\":\"ReadAction\",\"target\":[\"https:\/\/www.thell.restaurant\/en\/booking\/\"]}]},{\"@type\":\"BreadcrumbList\",\"@id\":\"https:\/\/www.thell.restaurant\/en\/booking\/#breadcrumb\",\"itemListElement\":[{\"@type\":\"ListItem\",\"position\":1,\"name\":\"Startseite\",\"item\":\"https:\/\/www.thell.restaurant\/en\/\"},{\"@type\":\"ListItem\",\"position\":2,\"name\":\"THELL\"}]},{\"@type\":\"WebSite\",\"@id\":\"https:\/\/www.thell.restaurant\/en\/#website\",\"url\":\"https:\/\/www.thell.restaurant\/en\/\",\"name\":\"THELL - Bar & Restaurant in Wien - formerly known as Motto\",\"description\":\"Jede Stadt hat ihr Zentrum, ihr Herz, ihr Lokal, in das die Str\u00f6me der Zeit einm\u00fcnden, eins werden, um sich dann wieder zu trennen und hinaus zu flie\u00dfen in die Welt.\",\"publisher\":{\"@id\":\"https:\/\/www.thell.restaurant\/en\/#organization\"},\"alternateName\":\"THELL - Bar & Restaurant in Wien\",\"potentialAction\":[{\"@type\":\"SearchAction\",\"target\":{\"@type\":\"EntryPoint\",\"urlTemplate\":\"https:\/\/www.thell.restaurant\/en\/?s={search_term_string}\"},\"query-input\":{\"@type\":\"PropertyValueSpecification\",\"valueRequired\":true,\"valueName\":\"search_term_string\"}}],\"inLanguage\":\"en-US\"},{\"@type\":\"Organization\",\"@id\":\"https:\/\/www.thell.restaurant\/en\/#organization\",\"name\":\"THELL Wien\",\"alternateName\":\"THELL\",\"url\":\"https:\/\/www.thell.restaurant\/en\/\",\"logo\":{\"@type\":\"ImageObject\",\"inLanguage\":\"en-US\",\"@id\":\"https:\/\/www.thell.restaurant\/en\/#\/schema\/logo\/image\/\",\"url\":\"https:\/\/www.thell.restaurant\/wp-content\/uploads\/2023\/01\/thell_logo_black.jpg\",\"contentUrl\":\"https:\/\/www.thell.restaurant\/wp-content\/uploads\/2023\/01\/thell_logo_black.jpg\",\"width\":1000,\"height\":762,\"caption\":\"THELL Wien\"},\"image\":{\"@id\":\"https:\/\/www.thell.restaurant\/en\/#\/schema\/logo\/image\/\"},\"sameAs\":[\"https:\/\/www.facebook.com\/thellwien\",\"https:\/\/www.instagram.com\/thellwien\/\"]}]}<\/script>\n<!-- \/ Yoast SEO plugin. -->","yoast_head_json":{"title":"Book a table at THELL Restaurant & Bar - Dinner, Drinks & Party","description":"We'll always find a cozy spot for you. Online reservations possible round the clock & super convenient. Kitchen open daily from 5 pm to 1 am","robots":{"index":"index","follow":"follow","max-snippet":"max-snippet:-1","max-image-preview":"max-image-preview:large","max-video-preview":"max-video-preview:-1"},"canonical":"https:\/\/www.thell.restaurant\/en\/booking\/","og_locale":"en_US","og_type":"article","og_title":"Book a table at THELL Restaurant & Bar - Dinner, Drinks & Party","og_description":"We'll always find a cozy spot for you. Online reservations possible round the clock & super convenient. Kitchen open daily from 5 pm to 1 am","og_url":"https:\/\/www.thell.restaurant\/en\/booking\/","og_site_name":"THELL - Bar &amp; Restaurant in Wien - formerly known as Motto","article_publisher":"https:\/\/www.facebook.com\/thellwien","article_modified_time":"2025-10-11T18:42:27+00:00","twitter_card":"summary_large_image","twitter_misc":{"Est. reading time":"1 minute"},"schema":{"@context":"https:\/\/schema.org","@graph":[{"@type":"WebPage","@id":"https:\/\/www.thell.restaurant\/en\/booking\/","url":"https:\/\/www.thell.restaurant\/en\/booking\/","name":"Book a table at THELL Restaurant & Bar - Dinner, Drinks & Party","isPartOf":{"@id":"https:\/\/www.thell.restaurant\/en\/#website"},"datePublished":"2021-06-29T09:42:05+00:00","dateModified":"2025-10-11T18:42:27+00:00","description":"We'll always find a cozy spot for you. Online reservations possible round the clock & super convenient. Kitchen open daily from 5 pm to 1 am","breadcrumb":{"@id":"https:\/\/www.thell.restaurant\/en\/booking\/#breadcrumb"},"inLanguage":"en-US","potentialAction":[{"@type":"ReadAction","target":["https:\/\/www.thell.restaurant\/en\/booking\/"]}]},{"@type":"BreadcrumbList","@id":"https:\/\/www.thell.restaurant\/en\/booking\/#breadcrumb","itemListElement":[{"@type":"ListItem","position":1,"name":"Startseite","item":"https:\/\/www.thell.restaurant\/en\/"},{"@type":"ListItem","position":2,"name":"THELL"}]},{"@type":"WebSite","@id":"https:\/\/www.thell.restaurant\/en\/#website","url":"https:\/\/www.thell.restaurant\/en\/","name":"THELL - Bar & Restaurant in Wien - formerly known as Motto","description":"Jede Stadt hat ihr Zentrum, ihr Herz, ihr Lokal, in das die Str\u00f6me der Zeit einm\u00fcnden, eins werden, um sich dann wieder zu trennen und hinaus zu flie\u00dfen in die Welt.","publisher":{"@id":"https:\/\/www.thell.restaurant\/en\/#organization"},"alternateName":"THELL - Bar & Restaurant in Wien","potentialAction":[{"@type":"SearchAction","target":{"@type":"EntryPoint","urlTemplate":"https:\/\/www.thell.restaurant\/en\/?s={search_term_string}"},"query-input":{"@type":"PropertyValueSpecification","valueRequired":true,"valueName":"search_term_string"}}],"inLanguage":"en-US"},{"@type":"Organization","@id":"https:\/\/www.thell.restaurant\/en\/#organization","name":"THELL Wien","alternateName":"THELL","url":"https:\/\/www.thell.restaurant\/en\/","logo":{"@type":"ImageObject","inLanguage":"en-US","@id":"https:\/\/www.thell.restaurant\/en\/#\/schema\/logo\/image\/","url":"https:\/\/www.thell.restaurant\/wp-content\/uploads\/2023\/01\/thell_logo_black.jpg","contentUrl":"https:\/\/www.thell.restaurant\/wp-content\/uploads\/2023\/01\/thell_logo_black.jpg","width":1000,"height":762,"caption":"THELL Wien"},"image":{"@id":"https:\/\/www.thell.restaurant\/en\/#\/schema\/logo\/image\/"},"sameAs":["https:\/\/www.facebook.com\/thellwien","https:\/\/www.instagram.com\/thellwien\/"]}]}},"_links":{"self":[{"href":"https:\/\/www.thell.restaurant\/en\/wp-json\/wp\/v2\/pages\/1185","targetHints":{"allow":["GET"]}}],"collection":[{"href":"https:\/\/www.thell.restaurant\/en\/wp-json\/wp\/v2\/pages"}],"about":[{"href":"https:\/\/www.thell.restaurant\/en\/wp-json\/wp\/v2\/types\/page"}],"author":[{"embeddable":true,"href":"https:\/\/www.thell.restaurant\/en\/wp-json\/wp\/v2\/users\/1"}],"replies":[{"embeddable":true,"href":"https:\/\/www.thell.restaurant\/en\/wp-json\/wp\/v2\/comments?post=1185"}],"version-history":[{"count":18,"href":"https:\/\/www.thell.restaurant\/en\/wp-json\/wp\/v2\/pages\/1185\/revisions"}],"predecessor-version":[{"id":6650,"href":"https:\/\/www.thell.restaurant\/en\/wp-json\/wp\/v2\/pages\/1185\/revisions\/6650"}],"wp:attachment":[{"href":"https:\/\/www.thell.restaurant\/en\/wp-json\/wp\/v2\/media?parent=1185"}],"curies":[{"name":"wp","href":"https:\/\/api.w.org\/{rel}","templated":true}]}}