{"id":1192,"date":"2021-06-29T09:56:59","date_gmt":"2021-06-29T09:56:59","guid":{"rendered":"https:\/\/www.thell.restaurant\/impressum\/"},"modified":"2022-12-31T06:07:02","modified_gmt":"2022-12-31T06:07:02","slug":"impressum","status":"publish","type":"page","link":"https:\/\/www.thell.restaurant\/en\/impressum\/","title":{"rendered":"Impressum"},"content":{"rendered":"\n          \n          \n\n          <h5 class=\"wp-block-heading\"><br>Informationspflicht laut <br>\u00a75 E-Commerce Gesetz<br>\u00a714 Unternehmensgesetzbuch<br>\u00a763 Gewerbeordnung<br>\u00a725 Mediengesetz<\/h5>\n          \n\n          \n          \n\n          \n\n          \n          \n\n          <p> <\/p>\n          \n\n          \n          \n\n          \n\n          \n          \n\n          <p>  <\/p>\n          \n\n          \n          \n\n          \n\n          \n          \n\n          <h4 class=\"wp-block-heading\">THELL Vienna<\/h4>\n          \n\n          \n          \n\n          \n\n          \n          \n\n          <p>Tom Sampl GmbH<br>Sch\u00f6nbrunnerstra\u00dfe 30<br>1050 Wien<br>\u00d6sterreich<\/p>\n          \n\n          \n          \n\n          \n\n          \n          \n\n          <p>Unternehmensgegenstand<strong>:<\/strong> Gastronomie<br>UID: ATU15906205<br>FN 127623 G<\/p>\n          \n\n          \n          \n\n          \n\n          \n          \n\n          <p>Telefon: <a data-type=\"tel\" data-id=\"tel:+43 1 587 06 72\" href=\"tel:+43%201%20587%2006%2072\">+43 1 587 06 72<\/a><br>Mail: <a href=\"mailto:info@motto.at\">hallo@thell.restaurant<\/a><br><a data-type=\"URL\" data-id=\"https:\/\/www.thell.restaurant\/en\/\" href=\"https:\/\/www.thell.restaurant\/en\/\">www.thell.restaurant<\/a><\/p>\n          \n\n          \n          \n\n          \n\n          \n          \n\n          <p> <\/p>\n          \n\n          \n          \n\n          \n\n          \n          \n\n          <p>  <\/p>\n          \n\n          \n          \n\n          \n\n          \n          \n\n          <h4 class=\"wp-block-heading\">Design Konzept<br>und Web Development <\/h4>\n          \n\n          \n          \n\n          \n\n          \n          \n\n          <p>\n            <a href=\"https:\/\/clique.wien\" data-type=\"URL\" data-id=\"https:\/\/clique.wien\" target=\"_blank\" rel=\"noreferrer noopener\">Clique<\/a>\n          <\/p>\n          \n\n          \n          \n\n          \n\n          \n          \n\n          <p> <\/p>\n          \n\n          \n          \n\n          \n\n          \n          \n\n          <p> <\/p>\n          \n\n          \n        ","protected":false},"excerpt":{"rendered":"<p>Informationspflicht laut \u00a75 E-Commerce Gesetz\u00a714 Unternehmensgesetzbuch\u00a763 Gewerbeordnung\u00a725 Mediengesetz THELL Vienna Tom Sampl GmbHSch\u00f6nbrunnerstra\u00dfe 301050 Wien\u00d6sterreich Unternehmensgegenstand: GastronomieUID: ATU15906205FN 127623 G Telefon: +43 1 587 06 72Mail: hallo@thell.restaurantwww.thell.restaurant Design Konzeptund Web Development Clique<\/p>\n","protected":false},"author":1,"featured_media":0,"parent":0,"menu_order":0,"comment_status":"closed","ping_status":"closed","template":"","meta":{"_monsterinsights_skip_tracking":false,"_monsterinsights_sitenote_active":false,"_monsterinsights_sitenote_note":"","_monsterinsights_sitenote_category":0,"footnotes":""},"class_list":["post-1192","page","type-page","status-publish","hentry"],"acf":[],"yoast_head":"<!-- This site is optimized with the Yoast SEO plugin v24.3 - https:\/\/yoast.com\/wordpress\/plugins\/seo\/ -->\n<title>Impressum - THELL - Bar &amp; Restaurant in Wien - formerly known as Motto<\/title>\n<meta name=\"robots\" content=\"index, follow, max-snippet:-1, max-image-preview:large, max-video-preview:-1\" \/>\n<link rel=\"canonical\" href=\"https:\/\/www.thell.restaurant\/en\/impressum\/\" \/>\n<meta property=\"og:locale\" content=\"en_US\" \/>\n<meta property=\"og:type\" content=\"article\" \/>\n<meta property=\"og:title\" content=\"Impressum - THELL - Bar &amp; Restaurant in Wien - formerly known as Motto\" \/>\n<meta property=\"og:description\" content=\"Informationspflicht laut \u00a75 E-Commerce Gesetz\u00a714 Unternehmensgesetzbuch\u00a763 Gewerbeordnung\u00a725 Mediengesetz THELL Vienna Tom Sampl GmbHSch\u00f6nbrunnerstra\u00dfe 301050 Wien\u00d6sterreich Unternehmensgegenstand: GastronomieUID: ATU15906205FN 127623 G Telefon: +43 1 587 06 72Mail: hallo@thell.restaurantwww.thell.restaurant Design Konzeptund Web Development Clique\" \/>\n<meta property=\"og:url\" content=\"https:\/\/www.thell.restaurant\/en\/impressum\/\" \/>\n<meta property=\"og:site_name\" content=\"THELL - Bar &amp; Restaurant in Wien - formerly known as Motto\" \/>\n<meta property=\"article:publisher\" content=\"https:\/\/www.facebook.com\/thellwien\" \/>\n<meta property=\"article:modified_time\" content=\"2022-12-31T06:07:02+00:00\" \/>\n<meta name=\"twitter:card\" content=\"summary_large_image\" \/>\n<meta name=\"twitter:label1\" content=\"Est. reading time\" \/>\n\t<meta name=\"twitter:data1\" content=\"1 minute\" \/>\n<script type=\"application\/ld+json\" class=\"yoast-schema-graph\">{\"@context\":\"https:\/\/schema.org\",\"@graph\":[{\"@type\":\"WebPage\",\"@id\":\"https:\/\/www.thell.restaurant\/en\/impressum\/\",\"url\":\"https:\/\/www.thell.restaurant\/en\/impressum\/\",\"name\":\"Impressum - THELL - Bar &amp; Restaurant in Wien - formerly known as Motto\",\"isPartOf\":{\"@id\":\"https:\/\/www.thell.restaurant\/en\/#website\"},\"datePublished\":\"2021-06-29T09:56:59+00:00\",\"dateModified\":\"2022-12-31T06:07:02+00:00\",\"breadcrumb\":{\"@id\":\"https:\/\/www.thell.restaurant\/en\/impressum\/#breadcrumb\"},\"inLanguage\":\"en-US\",\"potentialAction\":[{\"@type\":\"ReadAction\",\"target\":[\"https:\/\/www.thell.restaurant\/en\/impressum\/\"]}]},{\"@type\":\"BreadcrumbList\",\"@id\":\"https:\/\/www.thell.restaurant\/en\/impressum\/#breadcrumb\",\"itemListElement\":[{\"@type\":\"ListItem\",\"position\":1,\"name\":\"Startseite\",\"item\":\"https:\/\/www.thell.restaurant\/en\/\"},{\"@type\":\"ListItem\",\"position\":2,\"name\":\"Impressum\"}]},{\"@type\":\"WebSite\",\"@id\":\"https:\/\/www.thell.restaurant\/en\/#website\",\"url\":\"https:\/\/www.thell.restaurant\/en\/\",\"name\":\"THELL - Bar & Restaurant in Wien - formerly known as Motto\",\"description\":\"Jede Stadt hat ihr Zentrum, ihr Herz, ihr Lokal, in das die Str\u00f6me der Zeit einm\u00fcnden, eins werden, um sich dann wieder zu trennen und hinaus zu flie\u00dfen in die Welt.\",\"publisher\":{\"@id\":\"https:\/\/www.thell.restaurant\/en\/#organization\"},\"alternateName\":\"THELL - Bar & Restaurant in Wien\",\"potentialAction\":[{\"@type\":\"SearchAction\",\"target\":{\"@type\":\"EntryPoint\",\"urlTemplate\":\"https:\/\/www.thell.restaurant\/en\/?s={search_term_string}\"},\"query-input\":{\"@type\":\"PropertyValueSpecification\",\"valueRequired\":true,\"valueName\":\"search_term_string\"}}],\"inLanguage\":\"en-US\"},{\"@type\":\"Organization\",\"@id\":\"https:\/\/www.thell.restaurant\/en\/#organization\",\"name\":\"THELL Wien\",\"alternateName\":\"THELL\",\"url\":\"https:\/\/www.thell.restaurant\/en\/\",\"logo\":{\"@type\":\"ImageObject\",\"inLanguage\":\"en-US\",\"@id\":\"https:\/\/www.thell.restaurant\/en\/#\/schema\/logo\/image\/\",\"url\":\"https:\/\/www.thell.restaurant\/wp-content\/uploads\/2023\/01\/thell_logo_black.jpg\",\"contentUrl\":\"https:\/\/www.thell.restaurant\/wp-content\/uploads\/2023\/01\/thell_logo_black.jpg\",\"width\":1000,\"height\":762,\"caption\":\"THELL Wien\"},\"image\":{\"@id\":\"https:\/\/www.thell.restaurant\/en\/#\/schema\/logo\/image\/\"},\"sameAs\":[\"https:\/\/www.facebook.com\/thellwien\",\"https:\/\/www.instagram.com\/thellwien\/\"]}]}<\/script>\n<!-- \/ Yoast SEO plugin. -->","yoast_head_json":{"title":"Impressum - THELL - Bar &amp; Restaurant in Wien - formerly known as Motto","robots":{"index":"index","follow":"follow","max-snippet":"max-snippet:-1","max-image-preview":"max-image-preview:large","max-video-preview":"max-video-preview:-1"},"canonical":"https:\/\/www.thell.restaurant\/en\/impressum\/","og_locale":"en_US","og_type":"article","og_title":"Impressum - THELL - Bar &amp; Restaurant in Wien - formerly known as Motto","og_description":"Informationspflicht laut \u00a75 E-Commerce Gesetz\u00a714 Unternehmensgesetzbuch\u00a763 Gewerbeordnung\u00a725 Mediengesetz THELL Vienna Tom Sampl GmbHSch\u00f6nbrunnerstra\u00dfe 301050 Wien\u00d6sterreich Unternehmensgegenstand: GastronomieUID: ATU15906205FN 127623 G Telefon: +43 1 587 06 72Mail: hallo@thell.restaurantwww.thell.restaurant Design Konzeptund Web Development Clique","og_url":"https:\/\/www.thell.restaurant\/en\/impressum\/","og_site_name":"THELL - Bar &amp; Restaurant in Wien - formerly known as Motto","article_publisher":"https:\/\/www.facebook.com\/thellwien","article_modified_time":"2022-12-31T06:07:02+00:00","twitter_card":"summary_large_image","twitter_misc":{"Est. reading time":"1 minute"},"schema":{"@context":"https:\/\/schema.org","@graph":[{"@type":"WebPage","@id":"https:\/\/www.thell.restaurant\/en\/impressum\/","url":"https:\/\/www.thell.restaurant\/en\/impressum\/","name":"Impressum - THELL - Bar &amp; Restaurant in Wien - formerly known as Motto","isPartOf":{"@id":"https:\/\/www.thell.restaurant\/en\/#website"},"datePublished":"2021-06-29T09:56:59+00:00","dateModified":"2022-12-31T06:07:02+00:00","breadcrumb":{"@id":"https:\/\/www.thell.restaurant\/en\/impressum\/#breadcrumb"},"inLanguage":"en-US","potentialAction":[{"@type":"ReadAction","target":["https:\/\/www.thell.restaurant\/en\/impressum\/"]}]},{"@type":"BreadcrumbList","@id":"https:\/\/www.thell.restaurant\/en\/impressum\/#breadcrumb","itemListElement":[{"@type":"ListItem","position":1,"name":"Startseite","item":"https:\/\/www.thell.restaurant\/en\/"},{"@type":"ListItem","position":2,"name":"Impressum"}]},{"@type":"WebSite","@id":"https:\/\/www.thell.restaurant\/en\/#website","url":"https:\/\/www.thell.restaurant\/en\/","name":"THELL - Bar & Restaurant in Wien - formerly known as Motto","description":"Jede Stadt hat ihr Zentrum, ihr Herz, ihr Lokal, in das die Str\u00f6me der Zeit einm\u00fcnden, eins werden, um sich dann wieder zu trennen und hinaus zu flie\u00dfen in die Welt.","publisher":{"@id":"https:\/\/www.thell.restaurant\/en\/#organization"},"alternateName":"THELL - Bar & Restaurant in Wien","potentialAction":[{"@type":"SearchAction","target":{"@type":"EntryPoint","urlTemplate":"https:\/\/www.thell.restaurant\/en\/?s={search_term_string}"},"query-input":{"@type":"PropertyValueSpecification","valueRequired":true,"valueName":"search_term_string"}}],"inLanguage":"en-US"},{"@type":"Organization","@id":"https:\/\/www.thell.restaurant\/en\/#organization","name":"THELL Wien","alternateName":"THELL","url":"https:\/\/www.thell.restaurant\/en\/","logo":{"@type":"ImageObject","inLanguage":"en-US","@id":"https:\/\/www.thell.restaurant\/en\/#\/schema\/logo\/image\/","url":"https:\/\/www.thell.restaurant\/wp-content\/uploads\/2023\/01\/thell_logo_black.jpg","contentUrl":"https:\/\/www.thell.restaurant\/wp-content\/uploads\/2023\/01\/thell_logo_black.jpg","width":1000,"height":762,"caption":"THELL Wien"},"image":{"@id":"https:\/\/www.thell.restaurant\/en\/#\/schema\/logo\/image\/"},"sameAs":["https:\/\/www.facebook.com\/thellwien","https:\/\/www.instagram.com\/thellwien\/"]}]}},"_links":{"self":[{"href":"https:\/\/www.thell.restaurant\/en\/wp-json\/wp\/v2\/pages\/1192","targetHints":{"allow":["GET"]}}],"collection":[{"href":"https:\/\/www.thell.restaurant\/en\/wp-json\/wp\/v2\/pages"}],"about":[{"href":"https:\/\/www.thell.restaurant\/en\/wp-json\/wp\/v2\/types\/page"}],"author":[{"embeddable":true,"href":"https:\/\/www.thell.restaurant\/en\/wp-json\/wp\/v2\/users\/1"}],"replies":[{"embeddable":true,"href":"https:\/\/www.thell.restaurant\/en\/wp-json\/wp\/v2\/comments?post=1192"}],"version-history":[{"count":0,"href":"https:\/\/www.thell.restaurant\/en\/wp-json\/wp\/v2\/pages\/1192\/revisions"}],"wp:attachment":[{"href":"https:\/\/www.thell.restaurant\/en\/wp-json\/wp\/v2\/media?parent=1192"}],"curies":[{"name":"wp","href":"https:\/\/api.w.org\/{rel}","templated":true}]}}