{"id":1200,"date":"2021-06-29T10:10:57","date_gmt":"2021-06-29T10:10:57","guid":{"rendered":"https:\/\/www.thell.restaurant\/restaurant\/"},"modified":"2026-01-09T17:05:42","modified_gmt":"2026-01-09T17:05:42","slug":"restaurant","status":"publish","type":"page","link":"https:\/\/www.thell.restaurant\/en\/restaurant\/","title":{"rendered":"Restaurant"},"content":{"rendered":"\n<h5 class=\"wp-block-heading fade-in-move\">Kitchen Opening Hours<\/h5>\n\n\n\n<p>Kitchen open daily from 5pm to midnight. Fridays & Saturdays even until 1am<\/p>\n\n\n\n<blockquote class=\"wp-block-quote is-layout-flow wp-block-quote-is-layout-flow\">\n<p class=\"fade-in-move\"><strong>Late Bites, Great Nights !<\/strong><\/p>\n<\/blockquote>\n\n\n\n<blockquote class=\"wp-block-quote is-layout-flow wp-block-quote-is-layout-flow\">\n<p>At THELL, dinner starts when the evening begins <br>\u2013 and often when it\u2019s already over.<\/p>\n<\/blockquote>\n\n\n\n<blockquote class=\"wp-block-quote is-layout-flow wp-block-quote-is-layout-flow\">\n<p>Our kitchen is open every day including holidays and Christmas Eve. <\/p>\n<\/blockquote>\n\n\n\n<blockquote class=\"wp-block-quote is-layout-flow wp-block-quote-is-layout-flow\">\n<p>Because amazing nights deserve great food.<\/p>\n<\/blockquote>\n\n\n\n<p><\/p>\n","protected":false},"excerpt":{"rendered":"<p>Kitchen Opening Hours Kitchen open daily from 5pm to midnight. Fridays &#038; Saturdays even until 1am Late Bites, Great Nights ! At THELL, dinner starts when the evening begins \u2013 and often when it\u2019s already over. Our kitchen is open every day including holidays and Christmas Eve. Because amazing nights deserve great food.<\/p>\n","protected":false},"author":1,"featured_media":576,"parent":0,"menu_order":0,"comment_status":"closed","ping_status":"closed","template":"page-templates\/bereich.php","meta":{"_monsterinsights_skip_tracking":false,"_monsterinsights_sitenote_active":false,"_monsterinsights_sitenote_note":"","_monsterinsights_sitenote_category":0,"footnotes":""},"class_list":["post-1200","page","type-page","status-publish","has-post-thumbnail","hentry"],"acf":[],"yoast_head":"<!-- This site is optimized with the Yoast SEO plugin v24.3 - https:\/\/yoast.com\/wordpress\/plugins\/seo\/ -->\n<title>Restaurant Thell formerly known as Motto | Dinner in Vienna<\/title>\n<meta name=\"description\" content=\"THELL\u2014urban hotspot in Vienna&#039;s city center\u2014for life-loving gourmets and night owls seeking classy dinner, great cocktails &amp; amazing parties\" \/>\n<meta name=\"robots\" content=\"index, follow, max-snippet:-1, max-image-preview:large, max-video-preview:-1\" \/>\n<link rel=\"canonical\" href=\"https:\/\/www.thell.restaurant\/en\/restaurant\/\" \/>\n<meta property=\"og:locale\" content=\"en_US\" \/>\n<meta property=\"og:type\" content=\"article\" \/>\n<meta property=\"og:title\" content=\"Restaurant Thell formerly known as Motto | Dinner in Vienna\" \/>\n<meta property=\"og:description\" content=\"THELL\u2014urban hotspot in Vienna&#039;s city center\u2014for life-loving gourmets and night owls seeking classy dinner, great cocktails &amp; amazing parties\" \/>\n<meta property=\"og:url\" content=\"https:\/\/www.thell.restaurant\/en\/restaurant\/\" \/>\n<meta property=\"og:site_name\" content=\"THELL - Bar &amp; Restaurant in Wien - formerly known as Motto\" \/>\n<meta property=\"article:publisher\" content=\"https:\/\/www.facebook.com\/thellwien\" \/>\n<meta property=\"article:modified_time\" content=\"2026-01-09T17:05:42+00:00\" \/>\n<meta property=\"og:image\" content=\"https:\/\/www.thell.restaurant\/wp-content\/uploads\/2020\/10\/Motto_Restaurant.jpg\" \/>\n\t<meta property=\"og:image:width\" content=\"1600\" \/>\n\t<meta property=\"og:image:height\" content=\"714\" \/>\n\t<meta property=\"og:image:type\" content=\"image\/jpeg\" \/>\n<meta name=\"twitter:card\" content=\"summary_large_image\" \/>\n<meta name=\"twitter:label1\" content=\"Est. reading time\" \/>\n\t<meta name=\"twitter:data1\" content=\"1 minute\" \/>\n<script type=\"application\/ld+json\" class=\"yoast-schema-graph\">{\"@context\":\"https:\/\/schema.org\",\"@graph\":[{\"@type\":\"WebPage\",\"@id\":\"https:\/\/www.thell.restaurant\/en\/restaurant\/\",\"url\":\"https:\/\/www.thell.restaurant\/en\/restaurant\/\",\"name\":\"Restaurant Thell formerly known as Motto | Dinner in Vienna\",\"isPartOf\":{\"@id\":\"https:\/\/www.thell.restaurant\/en\/#website\"},\"primaryImageOfPage\":{\"@id\":\"https:\/\/www.thell.restaurant\/en\/restaurant\/#primaryimage\"},\"image\":{\"@id\":\"https:\/\/www.thell.restaurant\/en\/restaurant\/#primaryimage\"},\"thumbnailUrl\":\"https:\/\/www.thell.restaurant\/wp-content\/uploads\/2020\/10\/Motto_Restaurant.jpg\",\"datePublished\":\"2021-06-29T10:10:57+00:00\",\"dateModified\":\"2026-01-09T17:05:42+00:00\",\"description\":\"THELL\u2014urban hotspot in Vienna's city center\u2014for life-loving gourmets and night owls seeking classy dinner, great cocktails & amazing parties\",\"breadcrumb\":{\"@id\":\"https:\/\/www.thell.restaurant\/en\/restaurant\/#breadcrumb\"},\"inLanguage\":\"en-US\",\"potentialAction\":[{\"@type\":\"ReadAction\",\"target\":[\"https:\/\/www.thell.restaurant\/en\/restaurant\/\"]}]},{\"@type\":\"ImageObject\",\"inLanguage\":\"en-US\",\"@id\":\"https:\/\/www.thell.restaurant\/en\/restaurant\/#primaryimage\",\"url\":\"https:\/\/www.thell.restaurant\/wp-content\/uploads\/2020\/10\/Motto_Restaurant.jpg\",\"contentUrl\":\"https:\/\/www.thell.restaurant\/wp-content\/uploads\/2020\/10\/Motto_Restaurant.jpg\",\"width\":1600,\"height\":714,\"caption\":\"Motto Restaurant\"},{\"@type\":\"BreadcrumbList\",\"@id\":\"https:\/\/www.thell.restaurant\/en\/restaurant\/#breadcrumb\",\"itemListElement\":[{\"@type\":\"ListItem\",\"position\":1,\"name\":\"Startseite\",\"item\":\"https:\/\/www.thell.restaurant\/en\/\"},{\"@type\":\"ListItem\",\"position\":2,\"name\":\"Restaurant\"}]},{\"@type\":\"WebSite\",\"@id\":\"https:\/\/www.thell.restaurant\/en\/#website\",\"url\":\"https:\/\/www.thell.restaurant\/en\/\",\"name\":\"THELL - Bar & Restaurant in Wien - formerly known as Motto\",\"description\":\"Jede Stadt hat ihr Zentrum, ihr Herz, ihr Lokal, in das die Str\u00f6me der Zeit einm\u00fcnden, eins werden, um sich dann wieder zu trennen und hinaus zu flie\u00dfen in die Welt.\",\"publisher\":{\"@id\":\"https:\/\/www.thell.restaurant\/en\/#organization\"},\"alternateName\":\"THELL - Bar & Restaurant in Wien\",\"potentialAction\":[{\"@type\":\"SearchAction\",\"target\":{\"@type\":\"EntryPoint\",\"urlTemplate\":\"https:\/\/www.thell.restaurant\/en\/?s={search_term_string}\"},\"query-input\":{\"@type\":\"PropertyValueSpecification\",\"valueRequired\":true,\"valueName\":\"search_term_string\"}}],\"inLanguage\":\"en-US\"},{\"@type\":\"Organization\",\"@id\":\"https:\/\/www.thell.restaurant\/en\/#organization\",\"name\":\"THELL Wien\",\"alternateName\":\"THELL\",\"url\":\"https:\/\/www.thell.restaurant\/en\/\",\"logo\":{\"@type\":\"ImageObject\",\"inLanguage\":\"en-US\",\"@id\":\"https:\/\/www.thell.restaurant\/en\/#\/schema\/logo\/image\/\",\"url\":\"https:\/\/www.thell.restaurant\/wp-content\/uploads\/2023\/01\/thell_logo_black.jpg\",\"contentUrl\":\"https:\/\/www.thell.restaurant\/wp-content\/uploads\/2023\/01\/thell_logo_black.jpg\",\"width\":1000,\"height\":762,\"caption\":\"THELL Wien\"},\"image\":{\"@id\":\"https:\/\/www.thell.restaurant\/en\/#\/schema\/logo\/image\/\"},\"sameAs\":[\"https:\/\/www.facebook.com\/thellwien\",\"https:\/\/www.instagram.com\/thellwien\/\"]}]}<\/script>\n<!-- \/ Yoast SEO plugin. -->","yoast_head_json":{"title":"Restaurant Thell formerly known as Motto | Dinner in Vienna","description":"THELL\u2014urban hotspot in Vienna's city center\u2014for life-loving gourmets and night owls seeking classy dinner, great cocktails & amazing parties","robots":{"index":"index","follow":"follow","max-snippet":"max-snippet:-1","max-image-preview":"max-image-preview:large","max-video-preview":"max-video-preview:-1"},"canonical":"https:\/\/www.thell.restaurant\/en\/restaurant\/","og_locale":"en_US","og_type":"article","og_title":"Restaurant Thell formerly known as Motto | Dinner in Vienna","og_description":"THELL\u2014urban hotspot in Vienna's city center\u2014for life-loving gourmets and night owls seeking classy dinner, great cocktails & amazing parties","og_url":"https:\/\/www.thell.restaurant\/en\/restaurant\/","og_site_name":"THELL - Bar &amp; Restaurant in Wien - formerly known as Motto","article_publisher":"https:\/\/www.facebook.com\/thellwien","article_modified_time":"2026-01-09T17:05:42+00:00","og_image":[{"width":1600,"height":714,"url":"https:\/\/www.thell.restaurant\/wp-content\/uploads\/2020\/10\/Motto_Restaurant.jpg","type":"image\/jpeg"}],"twitter_card":"summary_large_image","twitter_misc":{"Est. reading time":"1 minute"},"schema":{"@context":"https:\/\/schema.org","@graph":[{"@type":"WebPage","@id":"https:\/\/www.thell.restaurant\/en\/restaurant\/","url":"https:\/\/www.thell.restaurant\/en\/restaurant\/","name":"Restaurant Thell formerly known as Motto | Dinner in Vienna","isPartOf":{"@id":"https:\/\/www.thell.restaurant\/en\/#website"},"primaryImageOfPage":{"@id":"https:\/\/www.thell.restaurant\/en\/restaurant\/#primaryimage"},"image":{"@id":"https:\/\/www.thell.restaurant\/en\/restaurant\/#primaryimage"},"thumbnailUrl":"https:\/\/www.thell.restaurant\/wp-content\/uploads\/2020\/10\/Motto_Restaurant.jpg","datePublished":"2021-06-29T10:10:57+00:00","dateModified":"2026-01-09T17:05:42+00:00","description":"THELL\u2014urban hotspot in Vienna's city center\u2014for life-loving gourmets and night owls seeking classy dinner, great cocktails & amazing parties","breadcrumb":{"@id":"https:\/\/www.thell.restaurant\/en\/restaurant\/#breadcrumb"},"inLanguage":"en-US","potentialAction":[{"@type":"ReadAction","target":["https:\/\/www.thell.restaurant\/en\/restaurant\/"]}]},{"@type":"ImageObject","inLanguage":"en-US","@id":"https:\/\/www.thell.restaurant\/en\/restaurant\/#primaryimage","url":"https:\/\/www.thell.restaurant\/wp-content\/uploads\/2020\/10\/Motto_Restaurant.jpg","contentUrl":"https:\/\/www.thell.restaurant\/wp-content\/uploads\/2020\/10\/Motto_Restaurant.jpg","width":1600,"height":714,"caption":"Motto Restaurant"},{"@type":"BreadcrumbList","@id":"https:\/\/www.thell.restaurant\/en\/restaurant\/#breadcrumb","itemListElement":[{"@type":"ListItem","position":1,"name":"Startseite","item":"https:\/\/www.thell.restaurant\/en\/"},{"@type":"ListItem","position":2,"name":"Restaurant"}]},{"@type":"WebSite","@id":"https:\/\/www.thell.restaurant\/en\/#website","url":"https:\/\/www.thell.restaurant\/en\/","name":"THELL - Bar & Restaurant in Wien - formerly known as Motto","description":"Jede Stadt hat ihr Zentrum, ihr Herz, ihr Lokal, in das die Str\u00f6me der Zeit einm\u00fcnden, eins werden, um sich dann wieder zu trennen und hinaus zu flie\u00dfen in die Welt.","publisher":{"@id":"https:\/\/www.thell.restaurant\/en\/#organization"},"alternateName":"THELL - Bar & Restaurant in Wien","potentialAction":[{"@type":"SearchAction","target":{"@type":"EntryPoint","urlTemplate":"https:\/\/www.thell.restaurant\/en\/?s={search_term_string}"},"query-input":{"@type":"PropertyValueSpecification","valueRequired":true,"valueName":"search_term_string"}}],"inLanguage":"en-US"},{"@type":"Organization","@id":"https:\/\/www.thell.restaurant\/en\/#organization","name":"THELL Wien","alternateName":"THELL","url":"https:\/\/www.thell.restaurant\/en\/","logo":{"@type":"ImageObject","inLanguage":"en-US","@id":"https:\/\/www.thell.restaurant\/en\/#\/schema\/logo\/image\/","url":"https:\/\/www.thell.restaurant\/wp-content\/uploads\/2023\/01\/thell_logo_black.jpg","contentUrl":"https:\/\/www.thell.restaurant\/wp-content\/uploads\/2023\/01\/thell_logo_black.jpg","width":1000,"height":762,"caption":"THELL Wien"},"image":{"@id":"https:\/\/www.thell.restaurant\/en\/#\/schema\/logo\/image\/"},"sameAs":["https:\/\/www.facebook.com\/thellwien","https:\/\/www.instagram.com\/thellwien\/"]}]}},"_links":{"self":[{"href":"https:\/\/www.thell.restaurant\/en\/wp-json\/wp\/v2\/pages\/1200","targetHints":{"allow":["GET"]}}],"collection":[{"href":"https:\/\/www.thell.restaurant\/en\/wp-json\/wp\/v2\/pages"}],"about":[{"href":"https:\/\/www.thell.restaurant\/en\/wp-json\/wp\/v2\/types\/page"}],"author":[{"embeddable":true,"href":"https:\/\/www.thell.restaurant\/en\/wp-json\/wp\/v2\/users\/1"}],"replies":[{"embeddable":true,"href":"https:\/\/www.thell.restaurant\/en\/wp-json\/wp\/v2\/comments?post=1200"}],"version-history":[{"count":70,"href":"https:\/\/www.thell.restaurant\/en\/wp-json\/wp\/v2\/pages\/1200\/revisions"}],"predecessor-version":[{"id":7194,"href":"https:\/\/www.thell.restaurant\/en\/wp-json\/wp\/v2\/pages\/1200\/revisions\/7194"}],"wp:featuredmedia":[{"embeddable":true,"href":"https:\/\/www.thell.restaurant\/en\/wp-json\/wp\/v2\/media\/576"}],"wp:attachment":[{"href":"https:\/\/www.thell.restaurant\/en\/wp-json\/wp\/v2\/media?parent=1200"}],"curies":[{"name":"wp","href":"https:\/\/api.w.org\/{rel}","templated":true}]}}