{"id":1204,"date":"2021-06-29T10:14:53","date_gmt":"2021-06-29T10:14:53","guid":{"rendered":"https:\/\/www.thell.restaurant\/bar\/"},"modified":"2025-11-24T15:19:13","modified_gmt":"2025-11-24T15:19:13","slug":"bar","status":"publish","type":"page","link":"https:\/\/www.thell.restaurant\/en\/bar\/","title":{"rendered":"Bar"},"content":{"rendered":"\n<h5>Opening hours<\/h5>\n\n\n\n<p><\/p>\n\n\n\n<p class=\"fade-in-move\">Tuesday to Saturday 5pm &#8211; 2am<\/p>\n\n\n\n<p class=\"fade-in-move\">Sunday &amp; Monday 5pm &#8211; Midnight<\/p>\n\n\n\n<blockquote class=\"wp-block-quote is-layout-flow wp-block-quote-is-layout-flow\">\n<p><strong>Where the evening begins \u2013 and rarely goes according to plan.<\/strong><br>At the <strong>THELL Bar in Vienna<\/strong>, a little Viennese ease meets a lot of good mood: people who prefer celebrating life to merely watching it. Here one moment easily turns into a night \u2013 and one night into a story.<\/p>\n\n\n\n<p>And because we truly love a good party, we host our own: from <strong>christmas parties<\/strong> and <strong>summer soir\u00e9es<\/strong> to <strong>winemaker dinners<\/strong> and our signature <strong>Thell Affairs<\/strong>, turning every venue into a little <strong>Thell universe<\/strong>.<br>A place for <strong>celebrations, birthdays, and corporate events<\/strong> \u2013 always with charm, a touch of chaos, and a spark of <strong>Thell magic<\/strong>.<\/p>\n<\/blockquote>\n\n\n\n<p><\/p>\n\n\n\n<p><\/p>\n","protected":false},"excerpt":{"rendered":"<p>Opening hours Tuesday to Saturday 5pm &#8211; 2am Sunday &amp; Monday 5pm &#8211; Midnight Where the evening begins \u2013 and rarely goes according to plan.At the THELL Bar in Vienna, a little Viennese ease meets a lot of good mood: people who prefer celebrating life to merely watching it. Here one moment easily turns into [&hellip;]<\/p>\n","protected":false},"author":1,"featured_media":6158,"parent":0,"menu_order":0,"comment_status":"closed","ping_status":"closed","template":"page-templates\/bar.php","meta":{"_monsterinsights_skip_tracking":false,"_monsterinsights_sitenote_active":false,"_monsterinsights_sitenote_note":"","_monsterinsights_sitenote_category":0,"footnotes":""},"class_list":["post-1204","page","type-page","status-publish","has-post-thumbnail","hentry"],"acf":[],"yoast_head":"<!-- This site is optimized with the Yoast SEO plugin v24.3 - https:\/\/yoast.com\/wordpress\/plugins\/seo\/ -->\n<title>THELL Bar | Insider Cocktail Tip in Vienna | Welcome to Wonderland<\/title>\n<meta name=\"description\" content=\"Best bar in Vienna or insider tip for beauties of the night in search of Wonderland? Over a drink (or two), we&#039;ll find out.\" \/>\n<meta name=\"robots\" content=\"index, follow, max-snippet:-1, max-image-preview:large, max-video-preview:-1\" \/>\n<link rel=\"canonical\" href=\"https:\/\/www.thell.restaurant\/en\/bar\/\" \/>\n<meta property=\"og:locale\" content=\"en_US\" \/>\n<meta property=\"og:type\" content=\"article\" \/>\n<meta property=\"og:title\" content=\"THELL Bar | Insider Cocktail Tip in Vienna | Welcome to Wonderland\" \/>\n<meta property=\"og:description\" content=\"Best bar in Vienna or insider tip for beauties of the night in search of Wonderland? Over a drink (or two), we&#039;ll find out.\" \/>\n<meta property=\"og:url\" content=\"https:\/\/www.thell.restaurant\/en\/bar\/\" \/>\n<meta property=\"og:site_name\" content=\"THELL - Bar &amp; Restaurant in Wien - formerly known as Motto\" \/>\n<meta property=\"article:publisher\" content=\"https:\/\/www.facebook.com\/thellwien\" \/>\n<meta property=\"article:modified_time\" content=\"2025-11-24T15:19:13+00:00\" \/>\n<meta property=\"og:image\" content=\"https:\/\/www.thell.restaurant\/wp-content\/uploads\/2025\/10\/Thell-Bar-1.jpeg\" \/>\n\t<meta property=\"og:image:width\" content=\"1600\" \/>\n\t<meta property=\"og:image:height\" content=\"1067\" \/>\n\t<meta property=\"og:image:type\" content=\"image\/jpeg\" \/>\n<meta name=\"twitter:card\" content=\"summary_large_image\" \/>\n<meta name=\"twitter:label1\" content=\"Est. reading time\" \/>\n\t<meta name=\"twitter:data1\" content=\"1 minute\" \/>\n<script type=\"application\/ld+json\" class=\"yoast-schema-graph\">{\"@context\":\"https:\/\/schema.org\",\"@graph\":[{\"@type\":\"WebPage\",\"@id\":\"https:\/\/www.thell.restaurant\/en\/bar\/\",\"url\":\"https:\/\/www.thell.restaurant\/en\/bar\/\",\"name\":\"THELL Bar | Insider Cocktail Tip in Vienna | Welcome to Wonderland\",\"isPartOf\":{\"@id\":\"https:\/\/www.thell.restaurant\/en\/#website\"},\"primaryImageOfPage\":{\"@id\":\"https:\/\/www.thell.restaurant\/en\/bar\/#primaryimage\"},\"image\":{\"@id\":\"https:\/\/www.thell.restaurant\/en\/bar\/#primaryimage\"},\"thumbnailUrl\":\"https:\/\/www.thell.restaurant\/wp-content\/uploads\/2025\/10\/Thell-Bar-1.jpeg\",\"datePublished\":\"2021-06-29T10:14:53+00:00\",\"dateModified\":\"2025-11-24T15:19:13+00:00\",\"description\":\"Best bar in Vienna or insider tip for beauties of the night in search of Wonderland? Over a drink (or two), we'll find out.\",\"breadcrumb\":{\"@id\":\"https:\/\/www.thell.restaurant\/en\/bar\/#breadcrumb\"},\"inLanguage\":\"en-US\",\"potentialAction\":[{\"@type\":\"ReadAction\",\"target\":[\"https:\/\/www.thell.restaurant\/en\/bar\/\"]}]},{\"@type\":\"ImageObject\",\"inLanguage\":\"en-US\",\"@id\":\"https:\/\/www.thell.restaurant\/en\/bar\/#primaryimage\",\"url\":\"https:\/\/www.thell.restaurant\/wp-content\/uploads\/2025\/10\/Thell-Bar-1.jpeg\",\"contentUrl\":\"https:\/\/www.thell.restaurant\/wp-content\/uploads\/2025\/10\/Thell-Bar-1.jpeg\",\"width\":1600,\"height\":1067},{\"@type\":\"BreadcrumbList\",\"@id\":\"https:\/\/www.thell.restaurant\/en\/bar\/#breadcrumb\",\"itemListElement\":[{\"@type\":\"ListItem\",\"position\":1,\"name\":\"Startseite\",\"item\":\"https:\/\/www.thell.restaurant\/en\/\"},{\"@type\":\"ListItem\",\"position\":2,\"name\":\"Bar\"}]},{\"@type\":\"WebSite\",\"@id\":\"https:\/\/www.thell.restaurant\/en\/#website\",\"url\":\"https:\/\/www.thell.restaurant\/en\/\",\"name\":\"THELL - Bar & Restaurant in Wien - formerly known as Motto\",\"description\":\"Jede Stadt hat ihr Zentrum, ihr Herz, ihr Lokal, in das die Str\u00f6me der Zeit einm\u00fcnden, eins werden, um sich dann wieder zu trennen und hinaus zu flie\u00dfen in die Welt.\",\"publisher\":{\"@id\":\"https:\/\/www.thell.restaurant\/en\/#organization\"},\"alternateName\":\"THELL - Bar & Restaurant in Wien\",\"potentialAction\":[{\"@type\":\"SearchAction\",\"target\":{\"@type\":\"EntryPoint\",\"urlTemplate\":\"https:\/\/www.thell.restaurant\/en\/?s={search_term_string}\"},\"query-input\":{\"@type\":\"PropertyValueSpecification\",\"valueRequired\":true,\"valueName\":\"search_term_string\"}}],\"inLanguage\":\"en-US\"},{\"@type\":\"Organization\",\"@id\":\"https:\/\/www.thell.restaurant\/en\/#organization\",\"name\":\"THELL Wien\",\"alternateName\":\"THELL\",\"url\":\"https:\/\/www.thell.restaurant\/en\/\",\"logo\":{\"@type\":\"ImageObject\",\"inLanguage\":\"en-US\",\"@id\":\"https:\/\/www.thell.restaurant\/en\/#\/schema\/logo\/image\/\",\"url\":\"https:\/\/www.thell.restaurant\/wp-content\/uploads\/2023\/01\/thell_logo_black.jpg\",\"contentUrl\":\"https:\/\/www.thell.restaurant\/wp-content\/uploads\/2023\/01\/thell_logo_black.jpg\",\"width\":1000,\"height\":762,\"caption\":\"THELL Wien\"},\"image\":{\"@id\":\"https:\/\/www.thell.restaurant\/en\/#\/schema\/logo\/image\/\"},\"sameAs\":[\"https:\/\/www.facebook.com\/thellwien\",\"https:\/\/www.instagram.com\/thellwien\/\"]}]}<\/script>\n<!-- \/ Yoast SEO plugin. -->","yoast_head_json":{"title":"THELL Bar | Insider Cocktail Tip in Vienna | Welcome to Wonderland","description":"Best bar in Vienna or insider tip for beauties of the night in search of Wonderland? Over a drink (or two), we'll find out.","robots":{"index":"index","follow":"follow","max-snippet":"max-snippet:-1","max-image-preview":"max-image-preview:large","max-video-preview":"max-video-preview:-1"},"canonical":"https:\/\/www.thell.restaurant\/en\/bar\/","og_locale":"en_US","og_type":"article","og_title":"THELL Bar | Insider Cocktail Tip in Vienna | Welcome to Wonderland","og_description":"Best bar in Vienna or insider tip for beauties of the night in search of Wonderland? Over a drink (or two), we'll find out.","og_url":"https:\/\/www.thell.restaurant\/en\/bar\/","og_site_name":"THELL - Bar &amp; Restaurant in Wien - formerly known as Motto","article_publisher":"https:\/\/www.facebook.com\/thellwien","article_modified_time":"2025-11-24T15:19:13+00:00","og_image":[{"width":1600,"height":1067,"url":"https:\/\/www.thell.restaurant\/wp-content\/uploads\/2025\/10\/Thell-Bar-1.jpeg","type":"image\/jpeg"}],"twitter_card":"summary_large_image","twitter_misc":{"Est. reading time":"1 minute"},"schema":{"@context":"https:\/\/schema.org","@graph":[{"@type":"WebPage","@id":"https:\/\/www.thell.restaurant\/en\/bar\/","url":"https:\/\/www.thell.restaurant\/en\/bar\/","name":"THELL Bar | Insider Cocktail Tip in Vienna | Welcome to Wonderland","isPartOf":{"@id":"https:\/\/www.thell.restaurant\/en\/#website"},"primaryImageOfPage":{"@id":"https:\/\/www.thell.restaurant\/en\/bar\/#primaryimage"},"image":{"@id":"https:\/\/www.thell.restaurant\/en\/bar\/#primaryimage"},"thumbnailUrl":"https:\/\/www.thell.restaurant\/wp-content\/uploads\/2025\/10\/Thell-Bar-1.jpeg","datePublished":"2021-06-29T10:14:53+00:00","dateModified":"2025-11-24T15:19:13+00:00","description":"Best bar in Vienna or insider tip for beauties of the night in search of Wonderland? Over a drink (or two), we'll find out.","breadcrumb":{"@id":"https:\/\/www.thell.restaurant\/en\/bar\/#breadcrumb"},"inLanguage":"en-US","potentialAction":[{"@type":"ReadAction","target":["https:\/\/www.thell.restaurant\/en\/bar\/"]}]},{"@type":"ImageObject","inLanguage":"en-US","@id":"https:\/\/www.thell.restaurant\/en\/bar\/#primaryimage","url":"https:\/\/www.thell.restaurant\/wp-content\/uploads\/2025\/10\/Thell-Bar-1.jpeg","contentUrl":"https:\/\/www.thell.restaurant\/wp-content\/uploads\/2025\/10\/Thell-Bar-1.jpeg","width":1600,"height":1067},{"@type":"BreadcrumbList","@id":"https:\/\/www.thell.restaurant\/en\/bar\/#breadcrumb","itemListElement":[{"@type":"ListItem","position":1,"name":"Startseite","item":"https:\/\/www.thell.restaurant\/en\/"},{"@type":"ListItem","position":2,"name":"Bar"}]},{"@type":"WebSite","@id":"https:\/\/www.thell.restaurant\/en\/#website","url":"https:\/\/www.thell.restaurant\/en\/","name":"THELL - Bar & Restaurant in Wien - formerly known as Motto","description":"Jede Stadt hat ihr Zentrum, ihr Herz, ihr Lokal, in das die Str\u00f6me der Zeit einm\u00fcnden, eins werden, um sich dann wieder zu trennen und hinaus zu flie\u00dfen in die Welt.","publisher":{"@id":"https:\/\/www.thell.restaurant\/en\/#organization"},"alternateName":"THELL - Bar & Restaurant in Wien","potentialAction":[{"@type":"SearchAction","target":{"@type":"EntryPoint","urlTemplate":"https:\/\/www.thell.restaurant\/en\/?s={search_term_string}"},"query-input":{"@type":"PropertyValueSpecification","valueRequired":true,"valueName":"search_term_string"}}],"inLanguage":"en-US"},{"@type":"Organization","@id":"https:\/\/www.thell.restaurant\/en\/#organization","name":"THELL Wien","alternateName":"THELL","url":"https:\/\/www.thell.restaurant\/en\/","logo":{"@type":"ImageObject","inLanguage":"en-US","@id":"https:\/\/www.thell.restaurant\/en\/#\/schema\/logo\/image\/","url":"https:\/\/www.thell.restaurant\/wp-content\/uploads\/2023\/01\/thell_logo_black.jpg","contentUrl":"https:\/\/www.thell.restaurant\/wp-content\/uploads\/2023\/01\/thell_logo_black.jpg","width":1000,"height":762,"caption":"THELL Wien"},"image":{"@id":"https:\/\/www.thell.restaurant\/en\/#\/schema\/logo\/image\/"},"sameAs":["https:\/\/www.facebook.com\/thellwien","https:\/\/www.instagram.com\/thellwien\/"]}]}},"_links":{"self":[{"href":"https:\/\/www.thell.restaurant\/en\/wp-json\/wp\/v2\/pages\/1204","targetHints":{"allow":["GET"]}}],"collection":[{"href":"https:\/\/www.thell.restaurant\/en\/wp-json\/wp\/v2\/pages"}],"about":[{"href":"https:\/\/www.thell.restaurant\/en\/wp-json\/wp\/v2\/types\/page"}],"author":[{"embeddable":true,"href":"https:\/\/www.thell.restaurant\/en\/wp-json\/wp\/v2\/users\/1"}],"replies":[{"embeddable":true,"href":"https:\/\/www.thell.restaurant\/en\/wp-json\/wp\/v2\/comments?post=1204"}],"version-history":[{"count":18,"href":"https:\/\/www.thell.restaurant\/en\/wp-json\/wp\/v2\/pages\/1204\/revisions"}],"predecessor-version":[{"id":7057,"href":"https:\/\/www.thell.restaurant\/en\/wp-json\/wp\/v2\/pages\/1204\/revisions\/7057"}],"wp:featuredmedia":[{"embeddable":true,"href":"https:\/\/www.thell.restaurant\/en\/wp-json\/wp\/v2\/media\/6158"}],"wp:attachment":[{"href":"https:\/\/www.thell.restaurant\/en\/wp-json\/wp\/v2\/media?parent=1204"}],"curies":[{"name":"wp","href":"https:\/\/api.w.org\/{rel}","templated":true}]}}