{"id":5966,"date":"2025-09-16T13:29:11","date_gmt":"2025-09-16T13:29:11","guid":{"rendered":"https:\/\/www.thell.restaurant\/christmas-holidays-2\/"},"modified":"2025-12-16T14:06:17","modified_gmt":"2025-12-16T14:06:17","slug":"christmas-holidays-dinner-vienna","status":"publish","type":"page","link":"https:\/\/www.thell.restaurant\/en\/christmas-holidays-dinner-vienna\/","title":{"rendered":"Christmas Holidays"},"content":{"rendered":"\n<blockquote class=\"wp-block-quote is-layout-flow wp-block-quote-is-layout-flow\">\n<p>#HOHOHOLIDAYDINNER<\/p>\n\n\n\n<blockquote class=\"wp-block-quote is-layout-flow wp-block-quote-is-layout-flow\">\n<p>When the city quiets down, Thell becomes truly festive.<br>For three days, we serve indulgence in its finest form \u2013 with sparkling glasses, glowing faces, and menus that taste like celebration.<\/p>\n\n\n\n<figure class=\"wp-block-image size-large\"><img decoding=\"async\" width=\"724\" height=\"1024\" src=\"https:\/\/www.thell.restaurant\/wp-content\/uploads\/2025\/10\/Cover-4-724x1024.jpg\" alt=\"\" class=\"wp-image-6853\" srcset=\"https:\/\/www.thell.restaurant\/wp-content\/uploads\/2025\/10\/Cover-4-724x1024.jpg 724w, https:\/\/www.thell.restaurant\/wp-content\/uploads\/2025\/10\/Cover-4-212x300.jpg 212w, https:\/\/www.thell.restaurant\/wp-content\/uploads\/2025\/10\/Cover-4-768x1086.jpg 768w, https:\/\/www.thell.restaurant\/wp-content\/uploads\/2025\/10\/Cover-4-1086x1536.jpg 1086w, https:\/\/www.thell.restaurant\/wp-content\/uploads\/2025\/10\/Cover-4-1448x2048.jpg 1448w, https:\/\/www.thell.restaurant\/wp-content\/uploads\/2025\/10\/Cover-4-scaled.jpg 1810w\" sizes=\"(max-width: 724px) 100vw, 724px\" \/><\/figure>\n<\/blockquote>\n\n\n\n<p class=\"has-text-align-center\">Look forward to a festive atmosphere and a relaxed evening without compromise.<\/p>\n\n\n\n<p class=\"has-text-align-center\">During the Christmas holidays, our kitchen opens at <strong>5:00 PM<\/strong>.<br>To ensure our usual high quality even during peak demand, on Christmas Eve we serve <strong>only our festive Christmas menu<\/strong> in the restaurant on these evenings.<\/p>\n\n\n\n<p class=\"has-text-align-center\">You\u2019ll find all details about the <strong>menu, seating times, reservations, and payment for Christmas Eve<\/strong> here:<\/p>\n<\/blockquote>\n\n\n\n<div class=\"wp-block-buttons is-content-justification-center is-layout-flex wp-container-core-buttons-is-layout-16018d1d wp-block-buttons-is-layout-flex\">\n<div class=\"wp-block-button is-style-outline is-style-outline--1\"><a class=\"wp-block-button__link wp-element-button\" href=\"https:\/\/www.thell.restaurant\/en\/christmaseve-dinner-vienna\/\">December 24<\/a><\/div>\n<\/div>\n\n\n\n<blockquote class=\"wp-block-quote has-text-align-center is-layout-flow wp-block-quote-is-layout-flow\">\n<hr class=\"wp-block-separator has-alpha-channel-opacity\"\/>\n\n\n\n<div class=\"wp-block-buttons is-content-justification-center is-layout-flex wp-container-core-buttons-is-layout-16018d1d wp-block-buttons-is-layout-flex\">\n<div class=\"wp-block-button is-style-outline is-style-outline--2\"><a class=\"wp-block-button__link wp-element-button\" href=\"https:\/\/www.thell.restaurant\/en\/booking\/\">Booking<\/a><\/div>\n<\/div>\n<\/blockquote>\n","protected":false},"excerpt":{"rendered":"","protected":false},"author":4,"featured_media":0,"parent":0,"menu_order":0,"comment_status":"closed","ping_status":"closed","template":"","meta":{"_monsterinsights_skip_tracking":false,"_monsterinsights_sitenote_active":false,"_monsterinsights_sitenote_note":"","_monsterinsights_sitenote_category":0,"footnotes":""},"class_list":["post-5966","page","type-page","status-publish","hentry"],"acf":[],"yoast_head":"<!-- This site is optimized with the Yoast SEO plugin v24.3 - https:\/\/yoast.com\/wordpress\/plugins\/seo\/ -->\n<title>Christmas Holidays - THELL - Bar &amp; Restaurant in Wien - formerly known as Motto<\/title>\n<meta name=\"robots\" content=\"index, follow, max-snippet:-1, max-image-preview:large, max-video-preview:-1\" \/>\n<link rel=\"canonical\" href=\"https:\/\/www.thell.restaurant\/en\/christmas-holidays-dinner-vienna\/\" \/>\n<meta property=\"og:locale\" content=\"en_US\" \/>\n<meta property=\"og:type\" content=\"article\" \/>\n<meta property=\"og:title\" content=\"Christmas Holidays - THELL - Bar &amp; Restaurant in Wien - formerly known as Motto\" \/>\n<meta property=\"og:url\" content=\"https:\/\/www.thell.restaurant\/en\/christmas-holidays-dinner-vienna\/\" \/>\n<meta property=\"og:site_name\" content=\"THELL - Bar &amp; Restaurant in Wien - formerly known as Motto\" \/>\n<meta property=\"article:publisher\" content=\"https:\/\/www.facebook.com\/thellwien\" \/>\n<meta property=\"article:modified_time\" content=\"2025-12-16T14:06:17+00:00\" \/>\n<meta property=\"og:image\" content=\"https:\/\/www.thell.restaurant\/wp-content\/uploads\/2025\/10\/Cover-4-scaled.jpg\" \/>\n\t<meta property=\"og:image:width\" content=\"1810\" \/>\n\t<meta property=\"og:image:height\" content=\"2560\" \/>\n\t<meta property=\"og:image:type\" content=\"image\/jpeg\" \/>\n<meta name=\"twitter:card\" content=\"summary_large_image\" \/>\n<meta name=\"twitter:label1\" content=\"Est. reading time\" \/>\n\t<meta name=\"twitter:data1\" content=\"1 minute\" \/>\n<script type=\"application\/ld+json\" class=\"yoast-schema-graph\">{\"@context\":\"https:\/\/schema.org\",\"@graph\":[{\"@type\":\"WebPage\",\"@id\":\"https:\/\/www.thell.restaurant\/en\/christmas-holidays-dinner-vienna\/\",\"url\":\"https:\/\/www.thell.restaurant\/en\/christmas-holidays-dinner-vienna\/\",\"name\":\"Christmas Holidays - THELL - Bar &amp; Restaurant in Wien - formerly known as Motto\",\"isPartOf\":{\"@id\":\"https:\/\/www.thell.restaurant\/en\/#website\"},\"primaryImageOfPage\":{\"@id\":\"https:\/\/www.thell.restaurant\/en\/christmas-holidays-dinner-vienna\/#primaryimage\"},\"image\":{\"@id\":\"https:\/\/www.thell.restaurant\/en\/christmas-holidays-dinner-vienna\/#primaryimage\"},\"thumbnailUrl\":\"https:\/\/www.thell.restaurant\/wp-content\/uploads\/2025\/10\/Cover-4-724x1024.jpg\",\"datePublished\":\"2025-09-16T13:29:11+00:00\",\"dateModified\":\"2025-12-16T14:06:17+00:00\",\"breadcrumb\":{\"@id\":\"https:\/\/www.thell.restaurant\/en\/christmas-holidays-dinner-vienna\/#breadcrumb\"},\"inLanguage\":\"en-US\",\"potentialAction\":[{\"@type\":\"ReadAction\",\"target\":[\"https:\/\/www.thell.restaurant\/en\/christmas-holidays-dinner-vienna\/\"]}]},{\"@type\":\"ImageObject\",\"inLanguage\":\"en-US\",\"@id\":\"https:\/\/www.thell.restaurant\/en\/christmas-holidays-dinner-vienna\/#primaryimage\",\"url\":\"https:\/\/www.thell.restaurant\/wp-content\/uploads\/2025\/10\/Cover-4-724x1024.jpg\",\"contentUrl\":\"https:\/\/www.thell.restaurant\/wp-content\/uploads\/2025\/10\/Cover-4-724x1024.jpg\"},{\"@type\":\"BreadcrumbList\",\"@id\":\"https:\/\/www.thell.restaurant\/en\/christmas-holidays-dinner-vienna\/#breadcrumb\",\"itemListElement\":[{\"@type\":\"ListItem\",\"position\":1,\"name\":\"Startseite\",\"item\":\"https:\/\/www.thell.restaurant\/en\/\"},{\"@type\":\"ListItem\",\"position\":2,\"name\":\"Christmas Holidays\"}]},{\"@type\":\"WebSite\",\"@id\":\"https:\/\/www.thell.restaurant\/en\/#website\",\"url\":\"https:\/\/www.thell.restaurant\/en\/\",\"name\":\"THELL - Bar & Restaurant in Wien - formerly known as Motto\",\"description\":\"Jede Stadt hat ihr Zentrum, ihr Herz, ihr Lokal, in das die Str\u00f6me der Zeit einm\u00fcnden, eins werden, um sich dann wieder zu trennen und hinaus zu flie\u00dfen in die Welt.\",\"publisher\":{\"@id\":\"https:\/\/www.thell.restaurant\/en\/#organization\"},\"alternateName\":\"THELL - Bar & Restaurant in Wien\",\"potentialAction\":[{\"@type\":\"SearchAction\",\"target\":{\"@type\":\"EntryPoint\",\"urlTemplate\":\"https:\/\/www.thell.restaurant\/en\/?s={search_term_string}\"},\"query-input\":{\"@type\":\"PropertyValueSpecification\",\"valueRequired\":true,\"valueName\":\"search_term_string\"}}],\"inLanguage\":\"en-US\"},{\"@type\":\"Organization\",\"@id\":\"https:\/\/www.thell.restaurant\/en\/#organization\",\"name\":\"THELL Wien\",\"alternateName\":\"THELL\",\"url\":\"https:\/\/www.thell.restaurant\/en\/\",\"logo\":{\"@type\":\"ImageObject\",\"inLanguage\":\"en-US\",\"@id\":\"https:\/\/www.thell.restaurant\/en\/#\/schema\/logo\/image\/\",\"url\":\"https:\/\/www.thell.restaurant\/wp-content\/uploads\/2023\/01\/thell_logo_black.jpg\",\"contentUrl\":\"https:\/\/www.thell.restaurant\/wp-content\/uploads\/2023\/01\/thell_logo_black.jpg\",\"width\":1000,\"height\":762,\"caption\":\"THELL Wien\"},\"image\":{\"@id\":\"https:\/\/www.thell.restaurant\/en\/#\/schema\/logo\/image\/\"},\"sameAs\":[\"https:\/\/www.facebook.com\/thellwien\",\"https:\/\/www.instagram.com\/thellwien\/\"]}]}<\/script>\n<!-- \/ Yoast SEO plugin. -->","yoast_head_json":{"title":"Christmas Holidays - THELL - Bar &amp; Restaurant in Wien - formerly known as Motto","robots":{"index":"index","follow":"follow","max-snippet":"max-snippet:-1","max-image-preview":"max-image-preview:large","max-video-preview":"max-video-preview:-1"},"canonical":"https:\/\/www.thell.restaurant\/en\/christmas-holidays-dinner-vienna\/","og_locale":"en_US","og_type":"article","og_title":"Christmas Holidays - THELL - Bar &amp; Restaurant in Wien - formerly known as Motto","og_url":"https:\/\/www.thell.restaurant\/en\/christmas-holidays-dinner-vienna\/","og_site_name":"THELL - Bar &amp; Restaurant in Wien - formerly known as Motto","article_publisher":"https:\/\/www.facebook.com\/thellwien","article_modified_time":"2025-12-16T14:06:17+00:00","og_image":[{"width":1810,"height":2560,"url":"https:\/\/www.thell.restaurant\/wp-content\/uploads\/2025\/10\/Cover-4-scaled.jpg","type":"image\/jpeg"}],"twitter_card":"summary_large_image","twitter_misc":{"Est. reading time":"1 minute"},"schema":{"@context":"https:\/\/schema.org","@graph":[{"@type":"WebPage","@id":"https:\/\/www.thell.restaurant\/en\/christmas-holidays-dinner-vienna\/","url":"https:\/\/www.thell.restaurant\/en\/christmas-holidays-dinner-vienna\/","name":"Christmas Holidays - THELL - Bar &amp; Restaurant in Wien - formerly known as Motto","isPartOf":{"@id":"https:\/\/www.thell.restaurant\/en\/#website"},"primaryImageOfPage":{"@id":"https:\/\/www.thell.restaurant\/en\/christmas-holidays-dinner-vienna\/#primaryimage"},"image":{"@id":"https:\/\/www.thell.restaurant\/en\/christmas-holidays-dinner-vienna\/#primaryimage"},"thumbnailUrl":"https:\/\/www.thell.restaurant\/wp-content\/uploads\/2025\/10\/Cover-4-724x1024.jpg","datePublished":"2025-09-16T13:29:11+00:00","dateModified":"2025-12-16T14:06:17+00:00","breadcrumb":{"@id":"https:\/\/www.thell.restaurant\/en\/christmas-holidays-dinner-vienna\/#breadcrumb"},"inLanguage":"en-US","potentialAction":[{"@type":"ReadAction","target":["https:\/\/www.thell.restaurant\/en\/christmas-holidays-dinner-vienna\/"]}]},{"@type":"ImageObject","inLanguage":"en-US","@id":"https:\/\/www.thell.restaurant\/en\/christmas-holidays-dinner-vienna\/#primaryimage","url":"https:\/\/www.thell.restaurant\/wp-content\/uploads\/2025\/10\/Cover-4-724x1024.jpg","contentUrl":"https:\/\/www.thell.restaurant\/wp-content\/uploads\/2025\/10\/Cover-4-724x1024.jpg"},{"@type":"BreadcrumbList","@id":"https:\/\/www.thell.restaurant\/en\/christmas-holidays-dinner-vienna\/#breadcrumb","itemListElement":[{"@type":"ListItem","position":1,"name":"Startseite","item":"https:\/\/www.thell.restaurant\/en\/"},{"@type":"ListItem","position":2,"name":"Christmas Holidays"}]},{"@type":"WebSite","@id":"https:\/\/www.thell.restaurant\/en\/#website","url":"https:\/\/www.thell.restaurant\/en\/","name":"THELL - Bar & Restaurant in Wien - formerly known as Motto","description":"Jede Stadt hat ihr Zentrum, ihr Herz, ihr Lokal, in das die Str\u00f6me der Zeit einm\u00fcnden, eins werden, um sich dann wieder zu trennen und hinaus zu flie\u00dfen in die Welt.","publisher":{"@id":"https:\/\/www.thell.restaurant\/en\/#organization"},"alternateName":"THELL - Bar & Restaurant in Wien","potentialAction":[{"@type":"SearchAction","target":{"@type":"EntryPoint","urlTemplate":"https:\/\/www.thell.restaurant\/en\/?s={search_term_string}"},"query-input":{"@type":"PropertyValueSpecification","valueRequired":true,"valueName":"search_term_string"}}],"inLanguage":"en-US"},{"@type":"Organization","@id":"https:\/\/www.thell.restaurant\/en\/#organization","name":"THELL Wien","alternateName":"THELL","url":"https:\/\/www.thell.restaurant\/en\/","logo":{"@type":"ImageObject","inLanguage":"en-US","@id":"https:\/\/www.thell.restaurant\/en\/#\/schema\/logo\/image\/","url":"https:\/\/www.thell.restaurant\/wp-content\/uploads\/2023\/01\/thell_logo_black.jpg","contentUrl":"https:\/\/www.thell.restaurant\/wp-content\/uploads\/2023\/01\/thell_logo_black.jpg","width":1000,"height":762,"caption":"THELL Wien"},"image":{"@id":"https:\/\/www.thell.restaurant\/en\/#\/schema\/logo\/image\/"},"sameAs":["https:\/\/www.facebook.com\/thellwien","https:\/\/www.instagram.com\/thellwien\/"]}]}},"_links":{"self":[{"href":"https:\/\/www.thell.restaurant\/en\/wp-json\/wp\/v2\/pages\/5966","targetHints":{"allow":["GET"]}}],"collection":[{"href":"https:\/\/www.thell.restaurant\/en\/wp-json\/wp\/v2\/pages"}],"about":[{"href":"https:\/\/www.thell.restaurant\/en\/wp-json\/wp\/v2\/types\/page"}],"author":[{"embeddable":true,"href":"https:\/\/www.thell.restaurant\/en\/wp-json\/wp\/v2\/users\/4"}],"replies":[{"embeddable":true,"href":"https:\/\/www.thell.restaurant\/en\/wp-json\/wp\/v2\/comments?post=5966"}],"version-history":[{"count":11,"href":"https:\/\/www.thell.restaurant\/en\/wp-json\/wp\/v2\/pages\/5966\/revisions"}],"predecessor-version":[{"id":7125,"href":"https:\/\/www.thell.restaurant\/en\/wp-json\/wp\/v2\/pages\/5966\/revisions\/7125"}],"wp:attachment":[{"href":"https:\/\/www.thell.restaurant\/en\/wp-json\/wp\/v2\/media?parent=5966"}],"curies":[{"name":"wp","href":"https:\/\/api.w.org\/{rel}","templated":true}]}}