{"id":5999,"date":"2025-09-17T13:53:09","date_gmt":"2025-09-17T13:53:09","guid":{"rendered":"https:\/\/www.thell.restaurant\/?page_id=5999"},"modified":"2025-10-14T13:56:19","modified_gmt":"2025-10-14T13:56:19","slug":"location","status":"publish","type":"page","link":"https:\/\/www.thell.restaurant\/en\/location\/","title":{"rendered":"Location"},"content":{"rendered":"\n<p>In the heart of Vienna, Thell blends Belle \u00c9poque elegance with a modern twist.<br>Whether it\u2019s a birthday, Christmas celebration, or corporate evening \u2013 here, a festive dinner meets a vibrant bar atmosphere, turning every occasion into an experience.<\/p>\n\n\n\n<p>Thell is more than just a location \u2013 it\u2019s a feeling, and the perfect place when you want a celebration to become a story.<\/p>\n\n\n\n<div class=\"wp-block-buttons is-content-justification-center is-layout-flex wp-container-core-buttons-is-layout-16018d1d wp-block-buttons-is-layout-flex\">\n<div class=\"wp-block-button is-style-outline is-style-outline--1\"><a class=\"wp-block-button__link wp-element-button\" href=\"https:\/\/www.thell.restaurant\/wp-content\/uploads\/2024\/10\/Picture-This-The-Essence-of-Thell.pdf\">Location Infos<\/a><\/div>\n<\/div>\n\n\n\n<figure class=\"wp-block-gallery has-nested-images columns-default is-cropped wp-block-gallery-2 is-layout-flex wp-block-gallery-is-layout-flex\">\n<figure class=\"wp-block-image size-large\"><img decoding=\"async\" width=\"768\" height=\"1024\" data-id=\"6020\" src=\"https:\/\/www.thell.restaurant\/wp-content\/uploads\/2025\/09\/1-768x1024.jpeg\" alt=\"\" class=\"wp-image-6020\" srcset=\"https:\/\/www.thell.restaurant\/wp-content\/uploads\/2025\/09\/1-768x1024.jpeg 768w, https:\/\/www.thell.restaurant\/wp-content\/uploads\/2025\/09\/1-225x300.jpeg 225w, https:\/\/www.thell.restaurant\/wp-content\/uploads\/2025\/09\/1-1152x1536.jpeg 1152w, https:\/\/www.thell.restaurant\/wp-content\/uploads\/2025\/09\/1-1536x2048.jpeg 1536w, https:\/\/www.thell.restaurant\/wp-content\/uploads\/2025\/09\/1-scaled.jpeg 1920w\" sizes=\"(max-width: 768px) 100vw, 768px\" \/><\/figure>\n\n\n\n<figure class=\"wp-block-image size-large\"><img decoding=\"async\" width=\"768\" height=\"1024\" data-id=\"6010\" src=\"https:\/\/www.thell.restaurant\/wp-content\/uploads\/2025\/09\/3-768x1024.jpeg\" alt=\"\" class=\"wp-image-6010\" srcset=\"https:\/\/www.thell.restaurant\/wp-content\/uploads\/2025\/09\/3-768x1024.jpeg 768w, https:\/\/www.thell.restaurant\/wp-content\/uploads\/2025\/09\/3-225x300.jpeg 225w, https:\/\/www.thell.restaurant\/wp-content\/uploads\/2025\/09\/3-1152x1536.jpeg 1152w, https:\/\/www.thell.restaurant\/wp-content\/uploads\/2025\/09\/3-1536x2048.jpeg 1536w, https:\/\/www.thell.restaurant\/wp-content\/uploads\/2025\/09\/3-scaled.jpeg 1920w\" sizes=\"(max-width: 768px) 100vw, 768px\" \/><\/figure>\n\n\n\n<figure class=\"wp-block-image size-large\"><img decoding=\"async\" width=\"768\" height=\"1024\" data-id=\"6006\" src=\"https:\/\/www.thell.restaurant\/wp-content\/uploads\/2025\/09\/4-768x1024.jpeg\" alt=\"\" class=\"wp-image-6006\" srcset=\"https:\/\/www.thell.restaurant\/wp-content\/uploads\/2025\/09\/4-768x1024.jpeg 768w, https:\/\/www.thell.restaurant\/wp-content\/uploads\/2025\/09\/4-225x300.jpeg 225w, https:\/\/www.thell.restaurant\/wp-content\/uploads\/2025\/09\/4-1152x1536.jpeg 1152w, https:\/\/www.thell.restaurant\/wp-content\/uploads\/2025\/09\/4-1536x2048.jpeg 1536w, https:\/\/www.thell.restaurant\/wp-content\/uploads\/2025\/09\/4-scaled.jpeg 1920w\" sizes=\"(max-width: 768px) 100vw, 768px\" \/><\/figure>\n\n\n\n<figure class=\"wp-block-image size-large\"><img decoding=\"async\" width=\"768\" height=\"1024\" data-id=\"6012\" src=\"https:\/\/www.thell.restaurant\/wp-content\/uploads\/2025\/09\/6-768x1024.jpeg\" alt=\"\" class=\"wp-image-6012\" srcset=\"https:\/\/www.thell.restaurant\/wp-content\/uploads\/2025\/09\/6-768x1024.jpeg 768w, https:\/\/www.thell.restaurant\/wp-content\/uploads\/2025\/09\/6-225x300.jpeg 225w, https:\/\/www.thell.restaurant\/wp-content\/uploads\/2025\/09\/6-1152x1536.jpeg 1152w, https:\/\/www.thell.restaurant\/wp-content\/uploads\/2025\/09\/6-1536x2048.jpeg 1536w, https:\/\/www.thell.restaurant\/wp-content\/uploads\/2025\/09\/6-scaled.jpeg 1920w\" sizes=\"(max-width: 768px) 100vw, 768px\" \/><\/figure>\n\n\n\n<figure class=\"wp-block-image size-large\"><img decoding=\"async\" width=\"768\" height=\"1024\" data-id=\"6022\" src=\"https:\/\/www.thell.restaurant\/wp-content\/uploads\/2025\/09\/7-768x1024.jpeg\" alt=\"\" class=\"wp-image-6022\" srcset=\"https:\/\/www.thell.restaurant\/wp-content\/uploads\/2025\/09\/7-768x1024.jpeg 768w, https:\/\/www.thell.restaurant\/wp-content\/uploads\/2025\/09\/7-225x300.jpeg 225w, https:\/\/www.thell.restaurant\/wp-content\/uploads\/2025\/09\/7-1152x1536.jpeg 1152w, https:\/\/www.thell.restaurant\/wp-content\/uploads\/2025\/09\/7-1536x2048.jpeg 1536w, https:\/\/www.thell.restaurant\/wp-content\/uploads\/2025\/09\/7-scaled.jpeg 1920w\" sizes=\"(max-width: 768px) 100vw, 768px\" \/><\/figure>\n\n\n\n<figure class=\"wp-block-image size-large\"><img decoding=\"async\" width=\"768\" height=\"1024\" data-id=\"6008\" src=\"https:\/\/www.thell.restaurant\/wp-content\/uploads\/2025\/09\/8-768x1024.jpeg\" alt=\"\" class=\"wp-image-6008\" srcset=\"https:\/\/www.thell.restaurant\/wp-content\/uploads\/2025\/09\/8-768x1024.jpeg 768w, https:\/\/www.thell.restaurant\/wp-content\/uploads\/2025\/09\/8-225x300.jpeg 225w, https:\/\/www.thell.restaurant\/wp-content\/uploads\/2025\/09\/8-1152x1536.jpeg 1152w, https:\/\/www.thell.restaurant\/wp-content\/uploads\/2025\/09\/8-1536x2048.jpeg 1536w, https:\/\/www.thell.restaurant\/wp-content\/uploads\/2025\/09\/8-scaled.jpeg 1920w\" sizes=\"(max-width: 768px) 100vw, 768px\" \/><\/figure>\n\n\n\n<figure class=\"wp-block-image size-large\"><img decoding=\"async\" width=\"768\" height=\"1024\" data-id=\"6014\" src=\"https:\/\/www.thell.restaurant\/wp-content\/uploads\/2025\/09\/9-768x1024.jpeg\" alt=\"\" class=\"wp-image-6014\" srcset=\"https:\/\/www.thell.restaurant\/wp-content\/uploads\/2025\/09\/9-768x1024.jpeg 768w, https:\/\/www.thell.restaurant\/wp-content\/uploads\/2025\/09\/9-225x300.jpeg 225w, https:\/\/www.thell.restaurant\/wp-content\/uploads\/2025\/09\/9-1152x1536.jpeg 1152w, https:\/\/www.thell.restaurant\/wp-content\/uploads\/2025\/09\/9-1536x2048.jpeg 1536w, https:\/\/www.thell.restaurant\/wp-content\/uploads\/2025\/09\/9-scaled.jpeg 1920w\" sizes=\"(max-width: 768px) 100vw, 768px\" \/><\/figure>\n\n\n\n<figure class=\"wp-block-image size-large\"><img decoding=\"async\" width=\"1024\" height=\"768\" data-id=\"6018\" src=\"https:\/\/www.thell.restaurant\/wp-content\/uploads\/2025\/09\/10-1024x768.jpeg\" alt=\"\" class=\"wp-image-6018\" srcset=\"https:\/\/www.thell.restaurant\/wp-content\/uploads\/2025\/09\/10-1024x768.jpeg 1024w, https:\/\/www.thell.restaurant\/wp-content\/uploads\/2025\/09\/10-300x225.jpeg 300w, https:\/\/www.thell.restaurant\/wp-content\/uploads\/2025\/09\/10-768x576.jpeg 768w, https:\/\/www.thell.restaurant\/wp-content\/uploads\/2025\/09\/10-1536x1152.jpeg 1536w, https:\/\/www.thell.restaurant\/wp-content\/uploads\/2025\/09\/10-2048x1536.jpeg 2048w\" sizes=\"(max-width: 1024px) 100vw, 1024px\" \/><\/figure>\n\n\n\n<figure class=\"wp-block-image size-large\"><img decoding=\"async\" width=\"768\" height=\"1024\" data-id=\"6024\" src=\"https:\/\/www.thell.restaurant\/wp-content\/uploads\/2025\/09\/11-768x1024.jpeg\" alt=\"\" class=\"wp-image-6024\" srcset=\"https:\/\/www.thell.restaurant\/wp-content\/uploads\/2025\/09\/11-768x1024.jpeg 768w, https:\/\/www.thell.restaurant\/wp-content\/uploads\/2025\/09\/11-225x300.jpeg 225w, https:\/\/www.thell.restaurant\/wp-content\/uploads\/2025\/09\/11-1152x1536.jpeg 1152w, https:\/\/www.thell.restaurant\/wp-content\/uploads\/2025\/09\/11-1536x2048.jpeg 1536w, https:\/\/www.thell.restaurant\/wp-content\/uploads\/2025\/09\/11-scaled.jpeg 1920w\" sizes=\"(max-width: 768px) 100vw, 768px\" \/><\/figure>\n<\/figure>\n\n\n\n<p class=\"has-text-align-center\">Video Tour:<\/p>\n\n\n\n<figure class=\"wp-block-video\"><video autoplay controls loop muted src=\"https:\/\/www.thell.restaurant\/wp-content\/uploads\/2025\/09\/ThellWalk.mp4\" playsinline><\/video><\/figure>\n\n\n\n<figure class=\"wp-block-video\"><video autoplay controls loop muted src=\"https:\/\/www.thell.restaurant\/wp-content\/uploads\/2025\/10\/Girls-Night.mp4\" playsinline><\/video><\/figure>\n","protected":false},"excerpt":{"rendered":"<p>In the heart of Vienna, Thell blends Belle \u00c9poque elegance with a modern twist.Whether it\u2019s a birthday, Christmas celebration, or corporate evening \u2013 here, a festive dinner meets a vibrant bar atmosphere, turning every occasion into an experience. Thell is more than just a location \u2013 it\u2019s a feeling, and the perfect place when you [&hellip;]<\/p>\n","protected":false},"author":4,"featured_media":0,"parent":0,"menu_order":0,"comment_status":"closed","ping_status":"closed","template":"","meta":{"_monsterinsights_skip_tracking":false,"_monsterinsights_sitenote_active":false,"_monsterinsights_sitenote_note":"","_monsterinsights_sitenote_category":0,"footnotes":""},"class_list":["post-5999","page","type-page","status-publish","hentry"],"acf":[],"yoast_head":"<!-- This site is optimized with the Yoast SEO plugin v24.3 - https:\/\/yoast.com\/wordpress\/plugins\/seo\/ -->\n<title>Location - THELL - Bar &amp; Restaurant in Wien - formerly known as Motto<\/title>\n<meta name=\"robots\" content=\"index, follow, max-snippet:-1, max-image-preview:large, max-video-preview:-1\" \/>\n<link rel=\"canonical\" href=\"https:\/\/www.thell.restaurant\/en\/location\/\" \/>\n<meta property=\"og:locale\" content=\"en_US\" \/>\n<meta property=\"og:type\" content=\"article\" \/>\n<meta property=\"og:title\" content=\"Location - THELL - Bar &amp; Restaurant in Wien - formerly known as Motto\" \/>\n<meta property=\"og:description\" content=\"In the heart of Vienna, Thell blends Belle \u00c9poque elegance with a modern twist.Whether it\u2019s a birthday, Christmas celebration, or corporate evening \u2013 here, a festive dinner meets a vibrant bar atmosphere, turning every occasion into an experience. Thell is more than just a location \u2013 it\u2019s a feeling, and the perfect place when you [&hellip;]\" \/>\n<meta property=\"og:url\" content=\"https:\/\/www.thell.restaurant\/en\/location\/\" \/>\n<meta property=\"og:site_name\" content=\"THELL - Bar &amp; Restaurant in Wien - formerly known as Motto\" \/>\n<meta property=\"article:publisher\" content=\"https:\/\/www.facebook.com\/thellwien\" \/>\n<meta property=\"article:modified_time\" content=\"2025-10-14T13:56:19+00:00\" \/>\n<meta property=\"og:image\" content=\"https:\/\/www.thell.restaurant\/wp-content\/uploads\/2025\/09\/1-scaled.jpeg\" \/>\n\t<meta property=\"og:image:width\" content=\"1920\" \/>\n\t<meta property=\"og:image:height\" content=\"2560\" \/>\n\t<meta property=\"og:image:type\" content=\"image\/jpeg\" \/>\n<meta name=\"twitter:card\" content=\"summary_large_image\" \/>\n<meta name=\"twitter:label1\" content=\"Est. reading time\" \/>\n\t<meta name=\"twitter:data1\" content=\"3 minutes\" \/>\n<script type=\"application\/ld+json\" class=\"yoast-schema-graph\">{\"@context\":\"https:\/\/schema.org\",\"@graph\":[{\"@type\":\"WebPage\",\"@id\":\"https:\/\/www.thell.restaurant\/en\/location\/\",\"url\":\"https:\/\/www.thell.restaurant\/en\/location\/\",\"name\":\"Location - THELL - Bar &amp; Restaurant in Wien - formerly known as Motto\",\"isPartOf\":{\"@id\":\"https:\/\/www.thell.restaurant\/en\/#website\"},\"primaryImageOfPage\":{\"@id\":\"https:\/\/www.thell.restaurant\/en\/location\/#primaryimage\"},\"image\":{\"@id\":\"https:\/\/www.thell.restaurant\/en\/location\/#primaryimage\"},\"thumbnailUrl\":\"https:\/\/www.thell.restaurant\/wp-content\/uploads\/2025\/09\/1-768x1024.jpeg\",\"datePublished\":\"2025-09-17T13:53:09+00:00\",\"dateModified\":\"2025-10-14T13:56:19+00:00\",\"breadcrumb\":{\"@id\":\"https:\/\/www.thell.restaurant\/en\/location\/#breadcrumb\"},\"inLanguage\":\"en-US\",\"potentialAction\":[{\"@type\":\"ReadAction\",\"target\":[\"https:\/\/www.thell.restaurant\/en\/location\/\"]}]},{\"@type\":\"ImageObject\",\"inLanguage\":\"en-US\",\"@id\":\"https:\/\/www.thell.restaurant\/en\/location\/#primaryimage\",\"url\":\"https:\/\/www.thell.restaurant\/wp-content\/uploads\/2025\/09\/1-768x1024.jpeg\",\"contentUrl\":\"https:\/\/www.thell.restaurant\/wp-content\/uploads\/2025\/09\/1-768x1024.jpeg\"},{\"@type\":\"BreadcrumbList\",\"@id\":\"https:\/\/www.thell.restaurant\/en\/location\/#breadcrumb\",\"itemListElement\":[{\"@type\":\"ListItem\",\"position\":1,\"name\":\"Startseite\",\"item\":\"https:\/\/www.thell.restaurant\/en\/\"},{\"@type\":\"ListItem\",\"position\":2,\"name\":\"Location\"}]},{\"@type\":\"WebSite\",\"@id\":\"https:\/\/www.thell.restaurant\/en\/#website\",\"url\":\"https:\/\/www.thell.restaurant\/en\/\",\"name\":\"THELL - Bar & Restaurant in Wien - formerly known as Motto\",\"description\":\"Jede Stadt hat ihr Zentrum, ihr Herz, ihr Lokal, in das die Str\u00f6me der Zeit einm\u00fcnden, eins werden, um sich dann wieder zu trennen und hinaus zu flie\u00dfen in die Welt.\",\"publisher\":{\"@id\":\"https:\/\/www.thell.restaurant\/en\/#organization\"},\"alternateName\":\"THELL - Bar & Restaurant in Wien\",\"potentialAction\":[{\"@type\":\"SearchAction\",\"target\":{\"@type\":\"EntryPoint\",\"urlTemplate\":\"https:\/\/www.thell.restaurant\/en\/?s={search_term_string}\"},\"query-input\":{\"@type\":\"PropertyValueSpecification\",\"valueRequired\":true,\"valueName\":\"search_term_string\"}}],\"inLanguage\":\"en-US\"},{\"@type\":\"Organization\",\"@id\":\"https:\/\/www.thell.restaurant\/en\/#organization\",\"name\":\"THELL Wien\",\"alternateName\":\"THELL\",\"url\":\"https:\/\/www.thell.restaurant\/en\/\",\"logo\":{\"@type\":\"ImageObject\",\"inLanguage\":\"en-US\",\"@id\":\"https:\/\/www.thell.restaurant\/en\/#\/schema\/logo\/image\/\",\"url\":\"https:\/\/www.thell.restaurant\/wp-content\/uploads\/2023\/01\/thell_logo_black.jpg\",\"contentUrl\":\"https:\/\/www.thell.restaurant\/wp-content\/uploads\/2023\/01\/thell_logo_black.jpg\",\"width\":1000,\"height\":762,\"caption\":\"THELL Wien\"},\"image\":{\"@id\":\"https:\/\/www.thell.restaurant\/en\/#\/schema\/logo\/image\/\"},\"sameAs\":[\"https:\/\/www.facebook.com\/thellwien\",\"https:\/\/www.instagram.com\/thellwien\/\"]}]}<\/script>\n<!-- \/ Yoast SEO plugin. -->","yoast_head_json":{"title":"Location - THELL - Bar &amp; Restaurant in Wien - formerly known as Motto","robots":{"index":"index","follow":"follow","max-snippet":"max-snippet:-1","max-image-preview":"max-image-preview:large","max-video-preview":"max-video-preview:-1"},"canonical":"https:\/\/www.thell.restaurant\/en\/location\/","og_locale":"en_US","og_type":"article","og_title":"Location - THELL - Bar &amp; Restaurant in Wien - formerly known as Motto","og_description":"In the heart of Vienna, Thell blends Belle \u00c9poque elegance with a modern twist.Whether it\u2019s a birthday, Christmas celebration, or corporate evening \u2013 here, a festive dinner meets a vibrant bar atmosphere, turning every occasion into an experience. Thell is more than just a location \u2013 it\u2019s a feeling, and the perfect place when you [&hellip;]","og_url":"https:\/\/www.thell.restaurant\/en\/location\/","og_site_name":"THELL - Bar &amp; Restaurant in Wien - formerly known as Motto","article_publisher":"https:\/\/www.facebook.com\/thellwien","article_modified_time":"2025-10-14T13:56:19+00:00","og_image":[{"width":1920,"height":2560,"url":"https:\/\/www.thell.restaurant\/wp-content\/uploads\/2025\/09\/1-scaled.jpeg","type":"image\/jpeg"}],"twitter_card":"summary_large_image","twitter_misc":{"Est. reading time":"3 minutes"},"schema":{"@context":"https:\/\/schema.org","@graph":[{"@type":"WebPage","@id":"https:\/\/www.thell.restaurant\/en\/location\/","url":"https:\/\/www.thell.restaurant\/en\/location\/","name":"Location - THELL - Bar &amp; Restaurant in Wien - formerly known as Motto","isPartOf":{"@id":"https:\/\/www.thell.restaurant\/en\/#website"},"primaryImageOfPage":{"@id":"https:\/\/www.thell.restaurant\/en\/location\/#primaryimage"},"image":{"@id":"https:\/\/www.thell.restaurant\/en\/location\/#primaryimage"},"thumbnailUrl":"https:\/\/www.thell.restaurant\/wp-content\/uploads\/2025\/09\/1-768x1024.jpeg","datePublished":"2025-09-17T13:53:09+00:00","dateModified":"2025-10-14T13:56:19+00:00","breadcrumb":{"@id":"https:\/\/www.thell.restaurant\/en\/location\/#breadcrumb"},"inLanguage":"en-US","potentialAction":[{"@type":"ReadAction","target":["https:\/\/www.thell.restaurant\/en\/location\/"]}]},{"@type":"ImageObject","inLanguage":"en-US","@id":"https:\/\/www.thell.restaurant\/en\/location\/#primaryimage","url":"https:\/\/www.thell.restaurant\/wp-content\/uploads\/2025\/09\/1-768x1024.jpeg","contentUrl":"https:\/\/www.thell.restaurant\/wp-content\/uploads\/2025\/09\/1-768x1024.jpeg"},{"@type":"BreadcrumbList","@id":"https:\/\/www.thell.restaurant\/en\/location\/#breadcrumb","itemListElement":[{"@type":"ListItem","position":1,"name":"Startseite","item":"https:\/\/www.thell.restaurant\/en\/"},{"@type":"ListItem","position":2,"name":"Location"}]},{"@type":"WebSite","@id":"https:\/\/www.thell.restaurant\/en\/#website","url":"https:\/\/www.thell.restaurant\/en\/","name":"THELL - Bar & Restaurant in Wien - formerly known as Motto","description":"Jede Stadt hat ihr Zentrum, ihr Herz, ihr Lokal, in das die Str\u00f6me der Zeit einm\u00fcnden, eins werden, um sich dann wieder zu trennen und hinaus zu flie\u00dfen in die Welt.","publisher":{"@id":"https:\/\/www.thell.restaurant\/en\/#organization"},"alternateName":"THELL - Bar & Restaurant in Wien","potentialAction":[{"@type":"SearchAction","target":{"@type":"EntryPoint","urlTemplate":"https:\/\/www.thell.restaurant\/en\/?s={search_term_string}"},"query-input":{"@type":"PropertyValueSpecification","valueRequired":true,"valueName":"search_term_string"}}],"inLanguage":"en-US"},{"@type":"Organization","@id":"https:\/\/www.thell.restaurant\/en\/#organization","name":"THELL Wien","alternateName":"THELL","url":"https:\/\/www.thell.restaurant\/en\/","logo":{"@type":"ImageObject","inLanguage":"en-US","@id":"https:\/\/www.thell.restaurant\/en\/#\/schema\/logo\/image\/","url":"https:\/\/www.thell.restaurant\/wp-content\/uploads\/2023\/01\/thell_logo_black.jpg","contentUrl":"https:\/\/www.thell.restaurant\/wp-content\/uploads\/2023\/01\/thell_logo_black.jpg","width":1000,"height":762,"caption":"THELL Wien"},"image":{"@id":"https:\/\/www.thell.restaurant\/en\/#\/schema\/logo\/image\/"},"sameAs":["https:\/\/www.facebook.com\/thellwien","https:\/\/www.instagram.com\/thellwien\/"]}]}},"_links":{"self":[{"href":"https:\/\/www.thell.restaurant\/en\/wp-json\/wp\/v2\/pages\/5999","targetHints":{"allow":["GET"]}}],"collection":[{"href":"https:\/\/www.thell.restaurant\/en\/wp-json\/wp\/v2\/pages"}],"about":[{"href":"https:\/\/www.thell.restaurant\/en\/wp-json\/wp\/v2\/types\/page"}],"author":[{"embeddable":true,"href":"https:\/\/www.thell.restaurant\/en\/wp-json\/wp\/v2\/users\/4"}],"replies":[{"embeddable":true,"href":"https:\/\/www.thell.restaurant\/en\/wp-json\/wp\/v2\/comments?post=5999"}],"version-history":[{"count":9,"href":"https:\/\/www.thell.restaurant\/en\/wp-json\/wp\/v2\/pages\/5999\/revisions"}],"predecessor-version":[{"id":6725,"href":"https:\/\/www.thell.restaurant\/en\/wp-json\/wp\/v2\/pages\/5999\/revisions\/6725"}],"wp:attachment":[{"href":"https:\/\/www.thell.restaurant\/en\/wp-json\/wp\/v2\/media?parent=5999"}],"curies":[{"name":"wp","href":"https:\/\/api.w.org\/{rel}","templated":true}]}}