{"id":6352,"date":"2025-10-09T19:26:11","date_gmt":"2025-10-09T19:26:11","guid":{"rendered":"https:\/\/www.thell.restaurant\/herbstmenue\/"},"modified":"2026-03-28T13:46:24","modified_gmt":"2026-03-28T13:46:24","slug":"groupmenus","status":"publish","type":"page","link":"https:\/\/www.thell.restaurant\/en\/groupmenus\/","title":{"rendered":"Seasonal Menu"},"content":{"rendered":"\n<blockquote class=\"wp-block-quote is-layout-flow wp-block-quote-is-layout-flow\">\n<p>#partywithfriends<\/p>\n\n\n\n<blockquote class=\"wp-block-quote is-layout-flow wp-block-quote-is-layout-flow\">\n<p>For everyone who knows that good food tastes even better when you laugh out loud.<br>One menu, three moods, zero boredom.<\/p>\n<\/blockquote>\n<\/blockquote>\n\n\n\n<figure class=\"wp-block-image size-large\"><img decoding=\"async\" width=\"1024\" height=\"683\" src=\"https:\/\/www.thell.restaurant\/wp-content\/uploads\/2026\/03\/Fruhling-MenuENG-1024x683.jpg\" alt=\"\" class=\"wp-image-7294\" srcset=\"https:\/\/www.thell.restaurant\/wp-content\/uploads\/2026\/03\/Fruhling-MenuENG-1024x683.jpg 1024w, https:\/\/www.thell.restaurant\/wp-content\/uploads\/2026\/03\/Fruhling-MenuENG-300x200.jpg 300w, https:\/\/www.thell.restaurant\/wp-content\/uploads\/2026\/03\/Fruhling-MenuENG-768x512.jpg 768w, https:\/\/www.thell.restaurant\/wp-content\/uploads\/2026\/03\/Fruhling-MenuENG-1536x1024.jpg 1536w, https:\/\/www.thell.restaurant\/wp-content\/uploads\/2026\/03\/Fruhling-MenuENG.jpg 1600w\" sizes=\"(max-width: 1024px) 100vw, 1024px\" \/><\/figure>\n\n\n\n<hr class=\"wp-block-separator has-alpha-channel-opacity\"\/>\n\n\n\n<p><strong><strong>Wine Pairing &#8211; \u00abThell Style<\/strong><\/strong>\u00bb<\/p>\n\n\n\n<blockquote class=\"wp-block-quote is-layout-flow wp-block-quote-is-layout-flow\">\n<blockquote class=\"wp-block-quote is-layout-flow wp-block-quote-is-layout-flow\">\n<blockquote class=\"wp-block-quote is-layout-flow wp-block-quote-is-layout-flow\">\n<p>#savorthestory<\/p>\n<\/blockquote>\n<\/blockquote>\n\n\n\n<p>Wine pairing the way it should be \u2013 relaxed, charming, and without any fuss.<br>We don\u2019t count the pours, we just keep them coming \u2013 sometimes a little more.<br>Because nothing pairs with good food quite like good mood in a glass.<\/p>\n\n\n\n<figure class=\"wp-block-image size-large\"><img decoding=\"async\" width=\"1024\" height=\"683\" src=\"https:\/\/www.thell.restaurant\/wp-content\/uploads\/2026\/03\/FruhlingWeinENG-1024x683.jpg\" alt=\"\" class=\"wp-image-7298\" srcset=\"https:\/\/www.thell.restaurant\/wp-content\/uploads\/2026\/03\/FruhlingWeinENG-1024x683.jpg 1024w, https:\/\/www.thell.restaurant\/wp-content\/uploads\/2026\/03\/FruhlingWeinENG-300x200.jpg 300w, https:\/\/www.thell.restaurant\/wp-content\/uploads\/2026\/03\/FruhlingWeinENG-768x512.jpg 768w, https:\/\/www.thell.restaurant\/wp-content\/uploads\/2026\/03\/FruhlingWeinENG-1536x1024.jpg 1536w, https:\/\/www.thell.restaurant\/wp-content\/uploads\/2026\/03\/FruhlingWeinENG.jpg 1600w\" sizes=\"(max-width: 1024px) 100vw, 1024px\" \/><\/figure>\n<\/blockquote>\n\n\n\n<hr class=\"wp-block-separator has-alpha-channel-opacity\"\/>\n\n\n\n<p><strong>Flying Dinner &amp; Beautiful Drinks<\/strong><\/p>\n\n\n\n<blockquote class=\"wp-block-quote is-layout-flow wp-block-quote-is-layout-flow\">\n<p>#flywiththell<\/p>\n\n\n\n<blockquote class=\"wp-block-quote is-layout-flow wp-block-quote-is-layout-flow\">\n<p>For everyone who prefers conversation over assigned seating.<br>At the Flying Buffet at THELL, it\u2019s not just the bites that are moving \u2013 the conversations are too.<br>An evening made for mingling, laughing, and enjoying \u2013 no fixed places, just plenty of atmosphere.<\/p>\n\n\n\n<figure class=\"wp-block-image size-large\"><img decoding=\"async\" width=\"1024\" height=\"683\" src=\"https:\/\/www.thell.restaurant\/wp-content\/uploads\/2026\/03\/FruhlingFlyingENG-1024x683.jpg\" alt=\"\" class=\"wp-image-7296\" srcset=\"https:\/\/www.thell.restaurant\/wp-content\/uploads\/2026\/03\/FruhlingFlyingENG-1024x683.jpg 1024w, https:\/\/www.thell.restaurant\/wp-content\/uploads\/2026\/03\/FruhlingFlyingENG-300x200.jpg 300w, https:\/\/www.thell.restaurant\/wp-content\/uploads\/2026\/03\/FruhlingFlyingENG-768x512.jpg 768w, https:\/\/www.thell.restaurant\/wp-content\/uploads\/2026\/03\/FruhlingFlyingENG-1536x1024.jpg 1536w, https:\/\/www.thell.restaurant\/wp-content\/uploads\/2026\/03\/FruhlingFlyingENG.jpg 1600w\" sizes=\"(max-width: 1024px) 100vw, 1024px\" \/><\/figure>\n<\/blockquote>\n<\/blockquote>\n\n\n\n<blockquote class=\"wp-block-quote is-layout-flow wp-block-quote-is-layout-flow\">\n<p><strong>Our seasonal menus at THELL are made for nights you won\u2019t forget.<\/strong><\/p>\n\n\n\n<p>For groups, birthdays, or private celebrations \u2013 or simply for those who\u2019d rather spend winter with good food than with cold hands.<\/p>\n\n\n\n<p>We serve our seasonal menu or flying buffet filled with everything that makes this time of year special \u2013 paired with good wine, warm atmosphere, and that unmistakable THELL blend of charm, mood, and cuisine.<\/p>\n<\/blockquote>\n\n\n\n<hr class=\"wp-block-separator has-alpha-channel-opacity\"\/>\n","protected":false},"excerpt":{"rendered":"<p>Wine Pairing &#8211; \u00abThell Style\u00bb Flying Dinner &amp; Beautiful Drinks Our seasonal menus at THELL are made for nights you won\u2019t forget. For groups, birthdays, or private celebrations \u2013 or simply for those who\u2019d rather spend winter with good food than with cold hands. We serve our seasonal menu or flying buffet filled with everything [&hellip;]<\/p>\n","protected":false},"author":4,"featured_media":0,"parent":0,"menu_order":0,"comment_status":"closed","ping_status":"closed","template":"","meta":{"_monsterinsights_skip_tracking":false,"_monsterinsights_sitenote_active":false,"_monsterinsights_sitenote_note":"","_monsterinsights_sitenote_category":0,"footnotes":""},"class_list":["post-6352","page","type-page","status-publish","hentry"],"acf":[],"yoast_head":"<!-- This site is optimized with the Yoast SEO plugin v24.3 - https:\/\/yoast.com\/wordpress\/plugins\/seo\/ -->\n<title>Seasonal Menu - THELL - Bar &amp; Restaurant in Wien - formerly known as Motto<\/title>\n<meta name=\"robots\" content=\"index, follow, max-snippet:-1, max-image-preview:large, max-video-preview:-1\" \/>\n<link rel=\"canonical\" href=\"https:\/\/www.thell.restaurant\/en\/groupmenus\/\" \/>\n<meta property=\"og:locale\" content=\"en_US\" \/>\n<meta property=\"og:type\" content=\"article\" \/>\n<meta property=\"og:title\" content=\"Seasonal Menu - THELL - Bar &amp; Restaurant in Wien - formerly known as Motto\" \/>\n<meta property=\"og:description\" content=\"Wine Pairing &#8211; \u00abThell Style\u00bb Flying Dinner &amp; Beautiful Drinks Our seasonal menus at THELL are made for nights you won\u2019t forget. For groups, birthdays, or private celebrations \u2013 or simply for those who\u2019d rather spend winter with good food than with cold hands. We serve our seasonal menu or flying buffet filled with everything [&hellip;]\" \/>\n<meta property=\"og:url\" content=\"https:\/\/www.thell.restaurant\/en\/groupmenus\/\" \/>\n<meta property=\"og:site_name\" content=\"THELL - Bar &amp; Restaurant in Wien - formerly known as Motto\" \/>\n<meta property=\"article:publisher\" content=\"https:\/\/www.facebook.com\/thellwien\" \/>\n<meta property=\"article:modified_time\" content=\"2026-03-28T13:46:24+00:00\" \/>\n<meta property=\"og:image\" content=\"https:\/\/www.thell.restaurant\/wp-content\/uploads\/2026\/03\/Fruhling-MenuENG.jpg\" \/>\n\t<meta property=\"og:image:width\" content=\"1600\" \/>\n\t<meta property=\"og:image:height\" content=\"1067\" \/>\n\t<meta property=\"og:image:type\" content=\"image\/jpeg\" \/>\n<meta name=\"twitter:card\" content=\"summary_large_image\" \/>\n<meta name=\"twitter:label1\" content=\"Est. reading time\" \/>\n\t<meta name=\"twitter:data1\" content=\"1 minute\" \/>\n<script type=\"application\/ld+json\" class=\"yoast-schema-graph\">{\"@context\":\"https:\/\/schema.org\",\"@graph\":[{\"@type\":\"WebPage\",\"@id\":\"https:\/\/www.thell.restaurant\/en\/groupmenus\/\",\"url\":\"https:\/\/www.thell.restaurant\/en\/groupmenus\/\",\"name\":\"Seasonal Menu - THELL - Bar &amp; Restaurant in Wien - formerly known as Motto\",\"isPartOf\":{\"@id\":\"https:\/\/www.thell.restaurant\/en\/#website\"},\"primaryImageOfPage\":{\"@id\":\"https:\/\/www.thell.restaurant\/en\/groupmenus\/#primaryimage\"},\"image\":{\"@id\":\"https:\/\/www.thell.restaurant\/en\/groupmenus\/#primaryimage\"},\"thumbnailUrl\":\"https:\/\/www.thell.restaurant\/wp-content\/uploads\/2026\/03\/Fruhling-MenuENG-1024x683.jpg\",\"datePublished\":\"2025-10-09T19:26:11+00:00\",\"dateModified\":\"2026-03-28T13:46:24+00:00\",\"breadcrumb\":{\"@id\":\"https:\/\/www.thell.restaurant\/en\/groupmenus\/#breadcrumb\"},\"inLanguage\":\"en-US\",\"potentialAction\":[{\"@type\":\"ReadAction\",\"target\":[\"https:\/\/www.thell.restaurant\/en\/groupmenus\/\"]}]},{\"@type\":\"ImageObject\",\"inLanguage\":\"en-US\",\"@id\":\"https:\/\/www.thell.restaurant\/en\/groupmenus\/#primaryimage\",\"url\":\"https:\/\/www.thell.restaurant\/wp-content\/uploads\/2026\/03\/Fruhling-MenuENG-1024x683.jpg\",\"contentUrl\":\"https:\/\/www.thell.restaurant\/wp-content\/uploads\/2026\/03\/Fruhling-MenuENG-1024x683.jpg\"},{\"@type\":\"BreadcrumbList\",\"@id\":\"https:\/\/www.thell.restaurant\/en\/groupmenus\/#breadcrumb\",\"itemListElement\":[{\"@type\":\"ListItem\",\"position\":1,\"name\":\"Startseite\",\"item\":\"https:\/\/www.thell.restaurant\/en\/\"},{\"@type\":\"ListItem\",\"position\":2,\"name\":\"Seasonal Menu\"}]},{\"@type\":\"WebSite\",\"@id\":\"https:\/\/www.thell.restaurant\/en\/#website\",\"url\":\"https:\/\/www.thell.restaurant\/en\/\",\"name\":\"THELL - Bar & Restaurant in Wien - formerly known as Motto\",\"description\":\"Jede Stadt hat ihr Zentrum, ihr Herz, ihr Lokal, in das die Str\u00f6me der Zeit einm\u00fcnden, eins werden, um sich dann wieder zu trennen und hinaus zu flie\u00dfen in die Welt.\",\"publisher\":{\"@id\":\"https:\/\/www.thell.restaurant\/en\/#organization\"},\"alternateName\":\"THELL - Bar & Restaurant in Wien\",\"potentialAction\":[{\"@type\":\"SearchAction\",\"target\":{\"@type\":\"EntryPoint\",\"urlTemplate\":\"https:\/\/www.thell.restaurant\/en\/?s={search_term_string}\"},\"query-input\":{\"@type\":\"PropertyValueSpecification\",\"valueRequired\":true,\"valueName\":\"search_term_string\"}}],\"inLanguage\":\"en-US\"},{\"@type\":\"Organization\",\"@id\":\"https:\/\/www.thell.restaurant\/en\/#organization\",\"name\":\"THELL Wien\",\"alternateName\":\"THELL\",\"url\":\"https:\/\/www.thell.restaurant\/en\/\",\"logo\":{\"@type\":\"ImageObject\",\"inLanguage\":\"en-US\",\"@id\":\"https:\/\/www.thell.restaurant\/en\/#\/schema\/logo\/image\/\",\"url\":\"https:\/\/www.thell.restaurant\/wp-content\/uploads\/2023\/01\/thell_logo_black.jpg\",\"contentUrl\":\"https:\/\/www.thell.restaurant\/wp-content\/uploads\/2023\/01\/thell_logo_black.jpg\",\"width\":1000,\"height\":762,\"caption\":\"THELL Wien\"},\"image\":{\"@id\":\"https:\/\/www.thell.restaurant\/en\/#\/schema\/logo\/image\/\"},\"sameAs\":[\"https:\/\/www.facebook.com\/thellwien\",\"https:\/\/www.instagram.com\/thellwien\/\"]}]}<\/script>\n<!-- \/ Yoast SEO plugin. -->","yoast_head_json":{"title":"Seasonal Menu - THELL - Bar &amp; Restaurant in Wien - formerly known as Motto","robots":{"index":"index","follow":"follow","max-snippet":"max-snippet:-1","max-image-preview":"max-image-preview:large","max-video-preview":"max-video-preview:-1"},"canonical":"https:\/\/www.thell.restaurant\/en\/groupmenus\/","og_locale":"en_US","og_type":"article","og_title":"Seasonal Menu - THELL - Bar &amp; Restaurant in Wien - formerly known as Motto","og_description":"Wine Pairing &#8211; \u00abThell Style\u00bb Flying Dinner &amp; Beautiful Drinks Our seasonal menus at THELL are made for nights you won\u2019t forget. For groups, birthdays, or private celebrations \u2013 or simply for those who\u2019d rather spend winter with good food than with cold hands. We serve our seasonal menu or flying buffet filled with everything [&hellip;]","og_url":"https:\/\/www.thell.restaurant\/en\/groupmenus\/","og_site_name":"THELL - Bar &amp; Restaurant in Wien - formerly known as Motto","article_publisher":"https:\/\/www.facebook.com\/thellwien","article_modified_time":"2026-03-28T13:46:24+00:00","og_image":[{"width":1600,"height":1067,"url":"https:\/\/www.thell.restaurant\/wp-content\/uploads\/2026\/03\/Fruhling-MenuENG.jpg","type":"image\/jpeg"}],"twitter_card":"summary_large_image","twitter_misc":{"Est. reading time":"1 minute"},"schema":{"@context":"https:\/\/schema.org","@graph":[{"@type":"WebPage","@id":"https:\/\/www.thell.restaurant\/en\/groupmenus\/","url":"https:\/\/www.thell.restaurant\/en\/groupmenus\/","name":"Seasonal Menu - THELL - Bar &amp; Restaurant in Wien - formerly known as Motto","isPartOf":{"@id":"https:\/\/www.thell.restaurant\/en\/#website"},"primaryImageOfPage":{"@id":"https:\/\/www.thell.restaurant\/en\/groupmenus\/#primaryimage"},"image":{"@id":"https:\/\/www.thell.restaurant\/en\/groupmenus\/#primaryimage"},"thumbnailUrl":"https:\/\/www.thell.restaurant\/wp-content\/uploads\/2026\/03\/Fruhling-MenuENG-1024x683.jpg","datePublished":"2025-10-09T19:26:11+00:00","dateModified":"2026-03-28T13:46:24+00:00","breadcrumb":{"@id":"https:\/\/www.thell.restaurant\/en\/groupmenus\/#breadcrumb"},"inLanguage":"en-US","potentialAction":[{"@type":"ReadAction","target":["https:\/\/www.thell.restaurant\/en\/groupmenus\/"]}]},{"@type":"ImageObject","inLanguage":"en-US","@id":"https:\/\/www.thell.restaurant\/en\/groupmenus\/#primaryimage","url":"https:\/\/www.thell.restaurant\/wp-content\/uploads\/2026\/03\/Fruhling-MenuENG-1024x683.jpg","contentUrl":"https:\/\/www.thell.restaurant\/wp-content\/uploads\/2026\/03\/Fruhling-MenuENG-1024x683.jpg"},{"@type":"BreadcrumbList","@id":"https:\/\/www.thell.restaurant\/en\/groupmenus\/#breadcrumb","itemListElement":[{"@type":"ListItem","position":1,"name":"Startseite","item":"https:\/\/www.thell.restaurant\/en\/"},{"@type":"ListItem","position":2,"name":"Seasonal Menu"}]},{"@type":"WebSite","@id":"https:\/\/www.thell.restaurant\/en\/#website","url":"https:\/\/www.thell.restaurant\/en\/","name":"THELL - Bar & Restaurant in Wien - formerly known as Motto","description":"Jede Stadt hat ihr Zentrum, ihr Herz, ihr Lokal, in das die Str\u00f6me der Zeit einm\u00fcnden, eins werden, um sich dann wieder zu trennen und hinaus zu flie\u00dfen in die Welt.","publisher":{"@id":"https:\/\/www.thell.restaurant\/en\/#organization"},"alternateName":"THELL - Bar & Restaurant in Wien","potentialAction":[{"@type":"SearchAction","target":{"@type":"EntryPoint","urlTemplate":"https:\/\/www.thell.restaurant\/en\/?s={search_term_string}"},"query-input":{"@type":"PropertyValueSpecification","valueRequired":true,"valueName":"search_term_string"}}],"inLanguage":"en-US"},{"@type":"Organization","@id":"https:\/\/www.thell.restaurant\/en\/#organization","name":"THELL Wien","alternateName":"THELL","url":"https:\/\/www.thell.restaurant\/en\/","logo":{"@type":"ImageObject","inLanguage":"en-US","@id":"https:\/\/www.thell.restaurant\/en\/#\/schema\/logo\/image\/","url":"https:\/\/www.thell.restaurant\/wp-content\/uploads\/2023\/01\/thell_logo_black.jpg","contentUrl":"https:\/\/www.thell.restaurant\/wp-content\/uploads\/2023\/01\/thell_logo_black.jpg","width":1000,"height":762,"caption":"THELL Wien"},"image":{"@id":"https:\/\/www.thell.restaurant\/en\/#\/schema\/logo\/image\/"},"sameAs":["https:\/\/www.facebook.com\/thellwien","https:\/\/www.instagram.com\/thellwien\/"]}]}},"_links":{"self":[{"href":"https:\/\/www.thell.restaurant\/en\/wp-json\/wp\/v2\/pages\/6352","targetHints":{"allow":["GET"]}}],"collection":[{"href":"https:\/\/www.thell.restaurant\/en\/wp-json\/wp\/v2\/pages"}],"about":[{"href":"https:\/\/www.thell.restaurant\/en\/wp-json\/wp\/v2\/types\/page"}],"author":[{"embeddable":true,"href":"https:\/\/www.thell.restaurant\/en\/wp-json\/wp\/v2\/users\/4"}],"replies":[{"embeddable":true,"href":"https:\/\/www.thell.restaurant\/en\/wp-json\/wp\/v2\/comments?post=6352"}],"version-history":[{"count":19,"href":"https:\/\/www.thell.restaurant\/en\/wp-json\/wp\/v2\/pages\/6352\/revisions"}],"predecessor-version":[{"id":7300,"href":"https:\/\/www.thell.restaurant\/en\/wp-json\/wp\/v2\/pages\/6352\/revisions\/7300"}],"wp:attachment":[{"href":"https:\/\/www.thell.restaurant\/en\/wp-json\/wp\/v2\/media?parent=6352"}],"curies":[{"name":"wp","href":"https:\/\/api.w.org\/{rel}","templated":true}]}}