{"id":973,"date":"2021-06-14T13:42:32","date_gmt":"2021-06-14T13:42:32","guid":{"rendered":"https:\/\/www.thell.restaurant\/jungle\/"},"modified":"2024-10-21T16:44:11","modified_gmt":"2024-10-21T16:44:11","slug":"jungle","status":"publish","type":"page","link":"https:\/\/www.thell.restaurant\/en\/jungle\/","title":{"rendered":"Jungle"},"content":{"rendered":"\n<p>* rustle rustle, chirp chirp, beeeeeep *<br>The coziest jungle sounds can only be found in our garden. <\/p>\n\n\n\n<p><strong><strong>Whenever it\u2019s warm outside, our jungle is open daily from 5 PM to 10\u202fPM<\/strong><\/strong><\/p>\n\n\n\n<p>Come and explore our tropical oasis in the heart of the city. We can\u2019t wait to see you!<\/p>\n","protected":false},"excerpt":{"rendered":"<p>* rustle rustle, chirp chirp, beeeeeep *The coziest jungle sounds can only be found in our garden. Whenever it\u2019s warm outside, our jungle is open daily from 5 PM to 10\u202fPM Come and explore our tropical oasis in the heart of the city. We can\u2019t wait to see you!<\/p>\n","protected":false},"author":1,"featured_media":791,"parent":0,"menu_order":0,"comment_status":"closed","ping_status":"closed","template":"page-templates\/bereich.php","meta":{"_monsterinsights_skip_tracking":false,"_monsterinsights_sitenote_active":false,"_monsterinsights_sitenote_note":"","_monsterinsights_sitenote_category":0,"footnotes":""},"class_list":["post-973","page","type-page","status-publish","has-post-thumbnail","hentry"],"acf":[],"yoast_head":"<!-- This site is optimized with the Yoast SEO plugin v24.3 - https:\/\/yoast.com\/wordpress\/plugins\/seo\/ -->\n<title>Jungle - THELL - Bar &amp; Restaurant in Wien - formerly known as Motto<\/title>\n<meta name=\"robots\" content=\"index, follow, max-snippet:-1, max-image-preview:large, max-video-preview:-1\" \/>\n<link rel=\"canonical\" href=\"https:\/\/www.thell.restaurant\/en\/jungle\/\" \/>\n<meta property=\"og:locale\" content=\"en_US\" \/>\n<meta property=\"og:type\" content=\"article\" \/>\n<meta property=\"og:title\" content=\"Jungle - THELL - Bar &amp; Restaurant in Wien - formerly known as Motto\" \/>\n<meta property=\"og:description\" content=\"* rustle rustle, chirp chirp, beeeeeep *The coziest jungle sounds can only be found in our garden. Whenever it\u2019s warm outside, our jungle is open daily from 5 PM to 10\u202fPM Come and explore our tropical oasis in the heart of the city. We can\u2019t wait to see you!\" \/>\n<meta property=\"og:url\" content=\"https:\/\/www.thell.restaurant\/en\/jungle\/\" \/>\n<meta property=\"og:site_name\" content=\"THELL - Bar &amp; Restaurant in Wien - formerly known as Motto\" \/>\n<meta property=\"article:publisher\" content=\"https:\/\/www.facebook.com\/thellwien\" \/>\n<meta property=\"article:modified_time\" content=\"2024-10-21T16:44:11+00:00\" \/>\n<meta property=\"og:image\" content=\"https:\/\/www.thell.restaurant\/wp-content\/uploads\/2021\/05\/Motto_Bar.jpg\" \/>\n\t<meta property=\"og:image:width\" content=\"1600\" \/>\n\t<meta property=\"og:image:height\" content=\"714\" \/>\n\t<meta property=\"og:image:type\" content=\"image\/jpeg\" \/>\n<meta name=\"twitter:card\" content=\"summary_large_image\" \/>\n<meta name=\"twitter:label1\" content=\"Est. reading time\" \/>\n\t<meta name=\"twitter:data1\" content=\"1 minute\" \/>\n<script type=\"application\/ld+json\" class=\"yoast-schema-graph\">{\"@context\":\"https:\/\/schema.org\",\"@graph\":[{\"@type\":\"WebPage\",\"@id\":\"https:\/\/www.thell.restaurant\/en\/jungle\/\",\"url\":\"https:\/\/www.thell.restaurant\/en\/jungle\/\",\"name\":\"Jungle - THELL - Bar &amp; Restaurant in Wien - formerly known as Motto\",\"isPartOf\":{\"@id\":\"https:\/\/www.thell.restaurant\/en\/#website\"},\"primaryImageOfPage\":{\"@id\":\"https:\/\/www.thell.restaurant\/en\/jungle\/#primaryimage\"},\"image\":{\"@id\":\"https:\/\/www.thell.restaurant\/en\/jungle\/#primaryimage\"},\"thumbnailUrl\":\"https:\/\/www.thell.restaurant\/wp-content\/uploads\/2021\/05\/Motto_Bar.jpg\",\"datePublished\":\"2021-06-14T13:42:32+00:00\",\"dateModified\":\"2024-10-21T16:44:11+00:00\",\"breadcrumb\":{\"@id\":\"https:\/\/www.thell.restaurant\/en\/jungle\/#breadcrumb\"},\"inLanguage\":\"en-US\",\"potentialAction\":[{\"@type\":\"ReadAction\",\"target\":[\"https:\/\/www.thell.restaurant\/en\/jungle\/\"]}]},{\"@type\":\"ImageObject\",\"inLanguage\":\"en-US\",\"@id\":\"https:\/\/www.thell.restaurant\/en\/jungle\/#primaryimage\",\"url\":\"https:\/\/www.thell.restaurant\/wp-content\/uploads\/2021\/05\/Motto_Bar.jpg\",\"contentUrl\":\"https:\/\/www.thell.restaurant\/wp-content\/uploads\/2021\/05\/Motto_Bar.jpg\",\"width\":1600,\"height\":714},{\"@type\":\"BreadcrumbList\",\"@id\":\"https:\/\/www.thell.restaurant\/en\/jungle\/#breadcrumb\",\"itemListElement\":[{\"@type\":\"ListItem\",\"position\":1,\"name\":\"Startseite\",\"item\":\"https:\/\/www.thell.restaurant\/en\/\"},{\"@type\":\"ListItem\",\"position\":2,\"name\":\"Jungle\"}]},{\"@type\":\"WebSite\",\"@id\":\"https:\/\/www.thell.restaurant\/en\/#website\",\"url\":\"https:\/\/www.thell.restaurant\/en\/\",\"name\":\"THELL - Bar & Restaurant in Wien - formerly known as Motto\",\"description\":\"Jede Stadt hat ihr Zentrum, ihr Herz, ihr Lokal, in das die Str\u00f6me der Zeit einm\u00fcnden, eins werden, um sich dann wieder zu trennen und hinaus zu flie\u00dfen in die Welt.\",\"publisher\":{\"@id\":\"https:\/\/www.thell.restaurant\/en\/#organization\"},\"alternateName\":\"THELL - Bar & Restaurant in Wien\",\"potentialAction\":[{\"@type\":\"SearchAction\",\"target\":{\"@type\":\"EntryPoint\",\"urlTemplate\":\"https:\/\/www.thell.restaurant\/en\/?s={search_term_string}\"},\"query-input\":{\"@type\":\"PropertyValueSpecification\",\"valueRequired\":true,\"valueName\":\"search_term_string\"}}],\"inLanguage\":\"en-US\"},{\"@type\":\"Organization\",\"@id\":\"https:\/\/www.thell.restaurant\/en\/#organization\",\"name\":\"THELL Wien\",\"alternateName\":\"THELL\",\"url\":\"https:\/\/www.thell.restaurant\/en\/\",\"logo\":{\"@type\":\"ImageObject\",\"inLanguage\":\"en-US\",\"@id\":\"https:\/\/www.thell.restaurant\/en\/#\/schema\/logo\/image\/\",\"url\":\"https:\/\/www.thell.restaurant\/wp-content\/uploads\/2023\/01\/thell_logo_black.jpg\",\"contentUrl\":\"https:\/\/www.thell.restaurant\/wp-content\/uploads\/2023\/01\/thell_logo_black.jpg\",\"width\":1000,\"height\":762,\"caption\":\"THELL Wien\"},\"image\":{\"@id\":\"https:\/\/www.thell.restaurant\/en\/#\/schema\/logo\/image\/\"},\"sameAs\":[\"https:\/\/www.facebook.com\/thellwien\",\"https:\/\/www.instagram.com\/thellwien\/\"]}]}<\/script>\n<!-- \/ Yoast SEO plugin. -->","yoast_head_json":{"title":"Jungle - THELL - Bar &amp; Restaurant in Wien - formerly known as Motto","robots":{"index":"index","follow":"follow","max-snippet":"max-snippet:-1","max-image-preview":"max-image-preview:large","max-video-preview":"max-video-preview:-1"},"canonical":"https:\/\/www.thell.restaurant\/en\/jungle\/","og_locale":"en_US","og_type":"article","og_title":"Jungle - THELL - Bar &amp; Restaurant in Wien - formerly known as Motto","og_description":"* rustle rustle, chirp chirp, beeeeeep *The coziest jungle sounds can only be found in our garden. Whenever it\u2019s warm outside, our jungle is open daily from 5 PM to 10\u202fPM Come and explore our tropical oasis in the heart of the city. We can\u2019t wait to see you!","og_url":"https:\/\/www.thell.restaurant\/en\/jungle\/","og_site_name":"THELL - Bar &amp; Restaurant in Wien - formerly known as Motto","article_publisher":"https:\/\/www.facebook.com\/thellwien","article_modified_time":"2024-10-21T16:44:11+00:00","og_image":[{"width":1600,"height":714,"url":"https:\/\/www.thell.restaurant\/wp-content\/uploads\/2021\/05\/Motto_Bar.jpg","type":"image\/jpeg"}],"twitter_card":"summary_large_image","twitter_misc":{"Est. reading time":"1 minute"},"schema":{"@context":"https:\/\/schema.org","@graph":[{"@type":"WebPage","@id":"https:\/\/www.thell.restaurant\/en\/jungle\/","url":"https:\/\/www.thell.restaurant\/en\/jungle\/","name":"Jungle - THELL - Bar &amp; Restaurant in Wien - formerly known as Motto","isPartOf":{"@id":"https:\/\/www.thell.restaurant\/en\/#website"},"primaryImageOfPage":{"@id":"https:\/\/www.thell.restaurant\/en\/jungle\/#primaryimage"},"image":{"@id":"https:\/\/www.thell.restaurant\/en\/jungle\/#primaryimage"},"thumbnailUrl":"https:\/\/www.thell.restaurant\/wp-content\/uploads\/2021\/05\/Motto_Bar.jpg","datePublished":"2021-06-14T13:42:32+00:00","dateModified":"2024-10-21T16:44:11+00:00","breadcrumb":{"@id":"https:\/\/www.thell.restaurant\/en\/jungle\/#breadcrumb"},"inLanguage":"en-US","potentialAction":[{"@type":"ReadAction","target":["https:\/\/www.thell.restaurant\/en\/jungle\/"]}]},{"@type":"ImageObject","inLanguage":"en-US","@id":"https:\/\/www.thell.restaurant\/en\/jungle\/#primaryimage","url":"https:\/\/www.thell.restaurant\/wp-content\/uploads\/2021\/05\/Motto_Bar.jpg","contentUrl":"https:\/\/www.thell.restaurant\/wp-content\/uploads\/2021\/05\/Motto_Bar.jpg","width":1600,"height":714},{"@type":"BreadcrumbList","@id":"https:\/\/www.thell.restaurant\/en\/jungle\/#breadcrumb","itemListElement":[{"@type":"ListItem","position":1,"name":"Startseite","item":"https:\/\/www.thell.restaurant\/en\/"},{"@type":"ListItem","position":2,"name":"Jungle"}]},{"@type":"WebSite","@id":"https:\/\/www.thell.restaurant\/en\/#website","url":"https:\/\/www.thell.restaurant\/en\/","name":"THELL - Bar & Restaurant in Wien - formerly known as Motto","description":"Jede Stadt hat ihr Zentrum, ihr Herz, ihr Lokal, in das die Str\u00f6me der Zeit einm\u00fcnden, eins werden, um sich dann wieder zu trennen und hinaus zu flie\u00dfen in die Welt.","publisher":{"@id":"https:\/\/www.thell.restaurant\/en\/#organization"},"alternateName":"THELL - Bar & Restaurant in Wien","potentialAction":[{"@type":"SearchAction","target":{"@type":"EntryPoint","urlTemplate":"https:\/\/www.thell.restaurant\/en\/?s={search_term_string}"},"query-input":{"@type":"PropertyValueSpecification","valueRequired":true,"valueName":"search_term_string"}}],"inLanguage":"en-US"},{"@type":"Organization","@id":"https:\/\/www.thell.restaurant\/en\/#organization","name":"THELL Wien","alternateName":"THELL","url":"https:\/\/www.thell.restaurant\/en\/","logo":{"@type":"ImageObject","inLanguage":"en-US","@id":"https:\/\/www.thell.restaurant\/en\/#\/schema\/logo\/image\/","url":"https:\/\/www.thell.restaurant\/wp-content\/uploads\/2023\/01\/thell_logo_black.jpg","contentUrl":"https:\/\/www.thell.restaurant\/wp-content\/uploads\/2023\/01\/thell_logo_black.jpg","width":1000,"height":762,"caption":"THELL Wien"},"image":{"@id":"https:\/\/www.thell.restaurant\/en\/#\/schema\/logo\/image\/"},"sameAs":["https:\/\/www.facebook.com\/thellwien","https:\/\/www.instagram.com\/thellwien\/"]}]}},"_links":{"self":[{"href":"https:\/\/www.thell.restaurant\/en\/wp-json\/wp\/v2\/pages\/973","targetHints":{"allow":["GET"]}}],"collection":[{"href":"https:\/\/www.thell.restaurant\/en\/wp-json\/wp\/v2\/pages"}],"about":[{"href":"https:\/\/www.thell.restaurant\/en\/wp-json\/wp\/v2\/types\/page"}],"author":[{"embeddable":true,"href":"https:\/\/www.thell.restaurant\/en\/wp-json\/wp\/v2\/users\/1"}],"replies":[{"embeddable":true,"href":"https:\/\/www.thell.restaurant\/en\/wp-json\/wp\/v2\/comments?post=973"}],"version-history":[{"count":8,"href":"https:\/\/www.thell.restaurant\/en\/wp-json\/wp\/v2\/pages\/973\/revisions"}],"predecessor-version":[{"id":3851,"href":"https:\/\/www.thell.restaurant\/en\/wp-json\/wp\/v2\/pages\/973\/revisions\/3851"}],"wp:featuredmedia":[{"embeddable":true,"href":"https:\/\/www.thell.restaurant\/en\/wp-json\/wp\/v2\/media\/791"}],"wp:attachment":[{"href":"https:\/\/www.thell.restaurant\/en\/wp-json\/wp\/v2\/media?parent=973"}],"curies":[{"name":"wp","href":"https:\/\/api.w.org\/{rel}","templated":true}]}}